{"id":1233,"date":"2025-02-12T15:56:36","date_gmt":"2025-02-12T13:56:36","guid":{"rendered":"https:\/\/volburg-group.com\/?page_id=1233"},"modified":"2025-10-10T14:02:31","modified_gmt":"2025-10-10T11:02:31","slug":"ueber-uns","status":"publish","type":"page","link":"https:\/\/volburg-group.com\/de\/ueber-uns\/","title":{"rendered":"\u00dcber Uns"},"content":{"rendered":"\t\t<div data-elementor-type=\"wp-page\" data-elementor-id=\"1233\" class=\"elementor elementor-1233 elementor-150\" data-elementor-post-type=\"page\">\n\t\t\t\t<div class=\"elementor-element elementor-element-e343d84 e-con-full e-flex e-con e-parent\" data-id=\"e343d84\" data-element_type=\"container\" data-e-type=\"container\" data-settings=\"{&quot;background_background&quot;:&quot;classic&quot;}\">\n\t\t\t\t<div class=\"elementor-element elementor-element-bb9ecf1 elementor-widget elementor-widget-heading\" data-id=\"bb9ecf1\" data-element_type=\"widget\" data-e-type=\"widget\" data-widget_type=\"heading.default\">\n\t\t\t\t<div class=\"elementor-widget-container\">\n\t\t\t\t\t<h1 class=\"elementor-heading-title elementor-size-default\">\u00dcber uns<\/h1>\t\t\t\t<\/div>\n\t\t\t\t<\/div>\n\t\t\t\t<\/div>\n\t\t<div class=\"elementor-element elementor-element-f2337d7 e-flex e-con-boxed e-con e-parent\" data-id=\"f2337d7\" data-element_type=\"container\" data-e-type=\"container\">\n\t\t\t\t\t<div class=\"e-con-inner\">\n\t\t\t\t<div class=\"elementor-element elementor-element-daee0ea elementor-widget__width-initial elementor-invisible elementor-widget elementor-widget-heading\" data-id=\"daee0ea\" data-element_type=\"widget\" data-e-type=\"widget\" data-settings=\"{&quot;_animation&quot;:&quot;fadeIn&quot;}\" data-widget_type=\"heading.default\">\n\t\t\t\t<div class=\"elementor-widget-container\">\n\t\t\t\t\t<h2 class=\"elementor-heading-title elementor-size-default\">Hintergrund:<\/h2>\t\t\t\t<\/div>\n\t\t\t\t<\/div>\n\t\t\t\t<div class=\"elementor-element elementor-element-8021975 elementor-widget__width-initial elementor-widget elementor-widget-text-editor\" data-id=\"8021975\" data-element_type=\"widget\" data-e-type=\"widget\" data-widget_type=\"text-editor.default\">\n\t\t\t\t<div class=\"elementor-widget-container\">\n\t\t\t\t\t\t\t\t\t<p>Fast 30 Jahre meiner Berufserfahrung verbrachte ich im Bereich der Elektronik-Vertragsfertigung, wo ich effiziente Produktionsprozesse entwickelte, moderne Technologien und weltweites Know-how f\u00fcr nationale und internationale Kunden implementierte.<\/p><p>Dies f\u00fchrte zu der Idee, den Kunden einen einzigartigen Service anzubieten, um dessen Produktionsbed\u00fcrfnisse im Bereich Electronic Manufacturing Services (EMS) zu koordinieren, und schrittweise das Dienstleistungsspektrum im vorgeschlagenen Paket von EMS auf den vollst\u00e4ndigen Elektronikproduktionszyklus auszudehnen.<\/p><p>Das Wort \u201eVOLBURG\u201c im Namen der Firma \u201eVOLBURG group\u201c wurde von meinem Vater Viktors Kononovs \u00fcbernommen, der es 1996 kreiert hat. Der Name bewahrt famili\u00e4re Wurzeln und steht f\u00fcr \u201eVictoria\u2019s und Olga\u2019s Stadt.\u201c Das \u201eV\u201c steht f\u00fcr Viktors\u2019 j\u00fcngste Tochter, Victoria; \u201eOL\u201c f\u00fcr seine \u00e4lteste Tochter, Olga; und \u201eburg\u201c bedeutet Stadt.<\/p><p>Gr\u00fcnder der \u201eVOLBURG group\u201c<br \/>Olga Malkiela<\/p>\t\t\t\t\t\t\t\t<\/div>\n\t\t\t\t<\/div>\n\t\t\t\t<div class=\"elementor-element elementor-element-23f98ef elementor-widget elementor-widget-image\" data-id=\"23f98ef\" data-element_type=\"widget\" data-e-type=\"widget\" data-widget_type=\"image.default\">\n\t\t\t\t<div class=\"elementor-widget-container\">\n\t\t\t\t\t\t\t\t\t\t\t\t\t\t\t<img fetchpriority=\"high\" decoding=\"async\" width=\"400\" height=\"581\" src=\"https:\/\/volburg-group.com\/wp-content\/uploads\/2025\/09\/om_400x581.png\" class=\"attachment-medium_large size-medium_large wp-image-1856\" alt=\"\" srcset=\"https:\/\/volburg-group.com\/wp-content\/uploads\/2025\/09\/om_400x581.png 400w, https:\/\/volburg-group.com\/wp-content\/uploads\/2025\/09\/om_400x581-207x300.png 207w\" sizes=\"(max-width: 400px) 100vw, 400px\" \/>\t\t\t\t\t\t\t\t\t\t\t\t\t\t\t<\/div>\n\t\t\t\t<\/div>\n\t\t\t\t\t<\/div>\n\t\t\t\t<\/div>\n\t\t<div class=\"elementor-element elementor-element-467c6e6 e-con-full e-flex e-con e-parent\" data-id=\"467c6e6\" data-element_type=\"container\" data-e-type=\"container\">\n\t\t\t\t<div class=\"elementor-element elementor-element-72b172d elementor-widget__width-initial elementor-invisible elementor-widget elementor-widget-heading\" data-id=\"72b172d\" data-element_type=\"widget\" data-e-type=\"widget\" data-settings=\"{&quot;_animation&quot;:&quot;fadeIn&quot;}\" data-widget_type=\"heading.default\">\n\t\t\t\t<div class=\"elementor-widget-container\">\n\t\t\t\t\t<h2 class=\"elementor-heading-title elementor-size-default\">Neuanfang: \u201eVOLBURG group\u201c \u2013 Ihre All-in-One-Plattform f\u00fcr internationale Produktionskoordination!<\/h2>\t\t\t\t<\/div>\n\t\t\t\t<\/div>\n\t\t\t\t<\/div>\n\t\t<div class=\"elementor-element elementor-element-bf06bdf e-flex e-con-boxed e-con e-parent\" data-id=\"bf06bdf\" data-element_type=\"container\" data-e-type=\"container\">\n\t\t\t\t\t<div class=\"e-con-inner\">\n\t\t\t\t<div class=\"elementor-element elementor-element-c348fa7 elementor-widget__width-initial elementor-invisible elementor-widget elementor-widget-text-editor\" data-id=\"c348fa7\" data-element_type=\"widget\" data-e-type=\"widget\" data-settings=\"{&quot;_animation&quot;:&quot;zoomIn&quot;}\" data-widget_type=\"text-editor.default\">\n\t\t\t\t<div class=\"elementor-widget-container\">\n\t\t\t\t\t\t\t\t\t<p>Mit 30 Jahren Erfahrung im Bereich Electronics Manufacturing Services (EMS) hat die \u201eVOLBURG group\u201c im Jahr 2024 eine neue Initiative gestartet, um Kunden den Vorteil zu bieten, die Produktionskapazit\u00e4ten verschiedener Fertigungsstandorte weltweit \u00fcber unsere Plattform zu kombinieren.<\/p><p>Die Expertise in technologischen Prozessen und ein st\u00e4ndig wachsendes Partnernetzwerk geben uns die Sicherheit, dass wir unseren Kunden einen qualitativ hochwertigen Service in der Auftragsfertigung bieten k\u00f6nnen \u2013 100 % entsprechend den Anforderungen an den Komplexit\u00e4tsgrad von PCBA, den individuellen Bed\u00fcrfnissen der mechanischen Montage sowie den Anspr\u00fcchen an Komponenten und Ersatzteile. Unsere Plattform liefert L\u00f6sungen mit einem unkonventionellen Ansatz, um Produktionskapazit\u00e4ten und Technologiestandards unterschiedlicher Hersteller weltweit zu koordinieren und so die h\u00f6chste Qualit\u00e4t der Produkte unserer Kunden sicherzustellen. Die \u201eVOLBURG group\u201c macht Vernetzung und Auftragsfertigung f\u00fcr ihre Kunden transparent.<\/p>\t\t\t\t\t\t\t\t<\/div>\n\t\t\t\t<\/div>\n\t\t\t\t\t<\/div>\n\t\t\t\t<\/div>\n\t\t<div class=\"elementor-element elementor-element-dca7daf e-flex e-con-boxed e-con e-parent\" data-id=\"dca7daf\" data-element_type=\"container\" data-e-type=\"container\">\n\t\t\t\t\t<div class=\"e-con-inner\">\n\t\t<div class=\"elementor-element elementor-element-68f91c2 e-con-full e-flex e-con e-child\" data-id=\"68f91c2\" data-element_type=\"container\" data-e-type=\"container\">\n\t\t\t\t<div class=\"elementor-element elementor-element-bebdcc1 elementor-widget elementor-widget-heading\" data-id=\"bebdcc1\" data-element_type=\"widget\" data-e-type=\"widget\" data-widget_type=\"heading.default\">\n\t\t\t\t<div class=\"elementor-widget-container\">\n\t\t\t\t\t<h2 class=\"elementor-heading-title elementor-size-default\">Unsere Mission<\/h2>\t\t\t\t<\/div>\n\t\t\t\t<\/div>\n\t\t\t\t<div class=\"elementor-element elementor-element-6a99157 elementor-widget elementor-widget-text-editor\" data-id=\"6a99157\" data-element_type=\"widget\" data-e-type=\"widget\" data-widget_type=\"text-editor.default\">\n\t\t\t\t<div class=\"elementor-widget-container\">\n\t\t\t\t\t\t\t\t\t<p>Der Zweck der Gr\u00fcndung der \u201eVOLBURG group\u201c ist es, unser Fachwissen zu teilen und Ihr vertrauensw\u00fcrdiger Partner zu werden, der Sie von der ersten Idee Ihres Produkts bis zur endg\u00fcltigen Auslieferung an die Endkunden begleitet.<\/p><p>Unsere Mission ist es, SIE bei Ihren Produktionsbed\u00fcrfnissen zu unterst\u00fctzen, basierend auf unserer umfangreichen Erfahrung in der effizienten Koordination von Vorproduktion, Produktion und After-Sales-Angelegenheiten mit zuverl\u00e4ssigen Herstellern weltweit.<\/p>\t\t\t\t\t\t\t\t<\/div>\n\t\t\t\t<\/div>\n\t\t\t\t<\/div>\n\t\t<div class=\"elementor-element elementor-element-f8bf765 e-con-full e-flex elementor-invisible e-con e-child\" data-id=\"f8bf765\" data-element_type=\"container\" data-e-type=\"container\" data-settings=\"{&quot;background_background&quot;:&quot;classic&quot;,&quot;animation&quot;:&quot;slideInRight&quot;}\">\n\t\t\t\t<\/div>\n\t\t\t\t\t<\/div>\n\t\t\t\t<\/div>\n\t\t<div class=\"elementor-element elementor-element-21af27c e-flex e-con-boxed e-con e-parent\" data-id=\"21af27c\" data-element_type=\"container\" data-e-type=\"container\">\n\t\t\t\t\t<div class=\"e-con-inner\">\n\t\t<div class=\"elementor-element elementor-element-5e54171 e-con-full e-flex elementor-invisible e-con e-child\" data-id=\"5e54171\" data-element_type=\"container\" data-e-type=\"container\" data-settings=\"{&quot;background_background&quot;:&quot;classic&quot;,&quot;animation&quot;:&quot;slideInLeft&quot;}\">\n\t\t\t\t<\/div>\n\t\t<div class=\"elementor-element elementor-element-3411869 e-con-full e-flex e-con e-child\" data-id=\"3411869\" data-element_type=\"container\" data-e-type=\"container\">\n\t\t\t\t<div class=\"elementor-element elementor-element-87aaedd elementor-widget elementor-widget-heading\" data-id=\"87aaedd\" data-element_type=\"widget\" data-e-type=\"widget\" data-widget_type=\"heading.default\">\n\t\t\t\t<div class=\"elementor-widget-container\">\n\t\t\t\t\t<h2 class=\"elementor-heading-title elementor-size-default\">Unsere Vision<\/h2>\t\t\t\t<\/div>\n\t\t\t\t<\/div>\n\t\t\t\t<div class=\"elementor-element elementor-element-530283c elementor-widget elementor-widget-text-editor\" data-id=\"530283c\" data-element_type=\"widget\" data-e-type=\"widget\" data-widget_type=\"text-editor.default\">\n\t\t\t\t<div class=\"elementor-widget-container\">\n\t\t\t\t\t\t\t\t\t<p>Bei \u201eVOLBURG group\u201c sind unsere Kunden die kreativen K\u00f6pfe hinter innovativen elektronischen Produkten. In einem sich schnell entwickelnden Markt unterst\u00fctzen wir sie in jeder Phase, um Ideen in skalierbare Serienproduktion umzusetzen, w\u00e4hrend wir den Schutz des geistigen Eigentums gew\u00e4hrleisten.<\/p><p>Bei \u201eVOLBURG group\u201c streben wir an, stets mit den neuesten Innovationen in der Elektronikbranche und dem Fertigungssektor Schritt zu halten, wobei wir den Fokus auf gemeinsames Wachstum und kontinuierliche Entwicklung zusammen mit unseren Kunden legen.<\/p>\t\t\t\t\t\t\t\t<\/div>\n\t\t\t\t<\/div>\n\t\t\t\t<\/div>\n\t\t\t\t\t<\/div>\n\t\t\t\t<\/div>\n\t\t<div class=\"elementor-element elementor-element-4e6b144 e-flex e-con-boxed e-con e-parent\" data-id=\"4e6b144\" data-element_type=\"container\" data-e-type=\"container\">\n\t\t\t\t\t<div class=\"e-con-inner\">\n\t\t<div class=\"elementor-element elementor-element-7db36f8 e-con-full e-flex e-con e-child\" data-id=\"7db36f8\" data-element_type=\"container\" data-e-type=\"container\">\n\t\t\t\t<div class=\"elementor-element elementor-element-86acbd6 elementor-widget elementor-widget-heading\" data-id=\"86acbd6\" data-element_type=\"widget\" data-e-type=\"widget\" data-widget_type=\"heading.default\">\n\t\t\t\t<div class=\"elementor-widget-container\">\n\t\t\t\t\t<h2 class=\"elementor-heading-title elementor-size-default\">Wertegrunds\u00e4tze<\/h2>\t\t\t\t<\/div>\n\t\t\t\t<\/div>\n\t\t\t\t<div class=\"elementor-element elementor-element-4486fd7 elementor-widget elementor-widget-text-editor\" data-id=\"4486fd7\" data-element_type=\"widget\" data-e-type=\"widget\" data-widget_type=\"text-editor.default\">\n\t\t\t\t<div class=\"elementor-widget-container\">\n\t\t\t\t\t\t\t\t\t<p>Zusammenarbeit und Vertrauen beginnen mit der Idee des Kunden.<\/p><p>Neue Produktionsm\u00f6glichkeiten und innovative L\u00f6sungen bestimmen unser Serviceniveau.<\/p><p>Flexibilit\u00e4t und das Engagement, unsere Dienstleistungen zu verbessern, um die Bed\u00fcrfnisse der Kunden zu erf\u00fcllen, machen uns zu einem attraktiven Partner.<\/p><p>Unsere kontinuierliche Suche nach Verbesserungsm\u00f6glichkeiten und Wachstum schafft Vertrauen bei unseren Kunden.<\/p>\t\t\t\t\t\t\t\t<\/div>\n\t\t\t\t<\/div>\n\t\t\t\t<\/div>\n\t\t<div class=\"elementor-element elementor-element-1794f7a e-con-full e-flex elementor-invisible e-con e-child\" data-id=\"1794f7a\" data-element_type=\"container\" data-e-type=\"container\" data-settings=\"{&quot;background_background&quot;:&quot;classic&quot;,&quot;animation&quot;:&quot;slideInRight&quot;}\">\n\t\t\t\t<\/div>\n\t\t\t\t\t<\/div>\n\t\t\t\t<\/div>\n\t\t<div class=\"elementor-element elementor-element-e4b3d46 e-flex e-con-boxed e-con e-parent\" data-id=\"e4b3d46\" data-element_type=\"container\" data-e-type=\"container\">\n\t\t\t\t\t<div class=\"e-con-inner\">\n\t\t<div class=\"elementor-element elementor-element-a00e86f e-flex e-con-boxed e-con e-child\" data-id=\"a00e86f\" data-element_type=\"container\" data-e-type=\"container\" data-settings=\"{&quot;background_background&quot;:&quot;classic&quot;}\">\n\t\t\t\t\t<div class=\"e-con-inner\">\n\t\t\t\t<div class=\"elementor-element elementor-element-eb77ab5 elementor-widget elementor-widget-heading\" data-id=\"eb77ab5\" data-element_type=\"widget\" data-e-type=\"widget\" data-widget_type=\"heading.default\">\n\t\t\t\t<div class=\"elementor-widget-container\">\n\t\t\t\t\t<h2 class=\"elementor-heading-title elementor-size-default\">Unsere Kunden<\/h2>\t\t\t\t<\/div>\n\t\t\t\t<\/div>\n\t\t\t\t<div class=\"elementor-element elementor-element-ae6e1bc elementor-widget__width-initial elementor-widget elementor-widget-text-editor\" data-id=\"ae6e1bc\" data-element_type=\"widget\" data-e-type=\"widget\" data-widget_type=\"text-editor.default\">\n\t\t\t\t<div class=\"elementor-widget-container\">\n\t\t\t\t\t\t\t\t\t<p>Wir bedienen Kunden weltweit, indem wir ihre Bed\u00fcrfnisse sorgf\u00e4ltig analysieren und sie mit den am besten geeigneten Herstellern f\u00fcr ihre Projektanforderungen verbinden.<\/p><p>Unser umfangreiches Netzwerk erm\u00f6glicht es uns, Partner basierend auf relevanten F\u00e4higkeiten, bew\u00e4hrten Produktionsreferenzen und strategischen Standorten auszuw\u00e4hlen \u2013 um optimale Fertigungsl\u00f6sungen f\u00fcr jedes einzigartige Projekt zu gew\u00e4hrleisten.<\/p><p>Mit unserer engagierten Unterst\u00fctzung profitieren unsere Kunden von einem reibungslosen Produktionsprozess, einer verk\u00fcrzten Markteinf\u00fchrungszeit und reduzierten Herstellungskosten \u2014 und verwandeln innovative Ideen in zuverl\u00e4ssige Produkte, um ihren Erfolg auch in den anspruchsvollsten Anwendungsbereichen zu f\u00f6rdern.<\/p>\t\t\t\t\t\t\t\t<\/div>\n\t\t\t\t<\/div>\n\t\t\t\t\t<\/div>\n\t\t\t\t<\/div>\n\t\t\t\t\t<\/div>\n\t\t\t\t<\/div>\n\t\t\t\t<\/div>\n\t\t","protected":false},"excerpt":{"rendered":"<p>\u00dcber uns Hintergrund: Fast 30 Jahre meiner Berufserfahrung verbrachte ich im Bereich der Elektronik-Vertragsfertigung, wo ich effiziente Produktionsprozesse entwickelte, moderne Technologien und weltweites Know-how f\u00fcr nationale und internationale Kunden implementierte. Dies f\u00fchrte zu der Idee, den Kunden einen einzigartigen Service anzubieten, um dessen Produktionsbed\u00fcrfnisse im Bereich Electronic Manufacturing Services (EMS) zu koordinieren, und schrittweise das [&hellip;]<\/p>\n","protected":false},"author":2,"featured_media":0,"parent":0,"menu_order":0,"comment_status":"closed","ping_status":"closed","template":"elementor_header_footer","meta":{"footnotes":""},"class_list":["post-1233","page","type-page","status-publish","hentry"],"yoast_head":"<!-- This site is optimized with the Yoast SEO plugin v27.0 - https:\/\/yoast.com\/product\/yoast-seo-wordpress\/ -->\n<title>\u00dcber Uns - Volburg group site<\/title>\n<meta name=\"robots\" content=\"index, follow, max-snippet:-1, max-image-preview:large, max-video-preview:-1\" \/>\n<link rel=\"canonical\" href=\"https:\/\/volburg-group.com\/de\/ueber-uns\/\" \/>\n<meta property=\"og:locale\" content=\"de_DE\" \/>\n<meta property=\"og:type\" content=\"article\" \/>\n<meta property=\"og:title\" content=\"\u00dcber Uns - Volburg group site\" \/>\n<meta property=\"og:description\" content=\"\u00dcber uns Hintergrund: Fast 30 Jahre meiner Berufserfahrung verbrachte ich im Bereich der Elektronik-Vertragsfertigung, wo ich effiziente Produktionsprozesse entwickelte, moderne Technologien und weltweites Know-how f\u00fcr nationale und internationale Kunden implementierte. Dies f\u00fchrte zu der Idee, den Kunden einen einzigartigen Service anzubieten, um dessen Produktionsbed\u00fcrfnisse im Bereich Electronic Manufacturing Services (EMS) zu koordinieren, und schrittweise das [&hellip;]\" \/>\n<meta property=\"og:url\" content=\"https:\/\/volburg-group.com\/de\/ueber-uns\/\" \/>\n<meta property=\"og:site_name\" content=\"Volburg group site\" \/>\n<meta property=\"article:modified_time\" content=\"2025-10-10T11:02:31+00:00\" \/>\n<meta property=\"og:image\" content=\"https:\/\/volburg-group.com\/wp-content\/uploads\/2025\/09\/om_400x581.png\" \/>\n\t<meta property=\"og:image:width\" content=\"400\" \/>\n\t<meta property=\"og:image:height\" content=\"581\" \/>\n\t<meta property=\"og:image:type\" content=\"image\/png\" \/>\n<meta name=\"twitter:card\" content=\"summary_large_image\" \/>\n<meta name=\"twitter:label1\" content=\"Gesch\u00e4tzte Lesezeit\" \/>\n\t<meta name=\"twitter:data1\" content=\"3\u00a0Minuten\" \/>\n<script type=\"application\/ld+json\" class=\"yoast-schema-graph\">{\"@context\":\"https:\/\/schema.org\",\"@graph\":[{\"@type\":\"WebPage\",\"@id\":\"https:\/\/volburg-group.com\/de\/ueber-uns\/\",\"url\":\"https:\/\/volburg-group.com\/de\/ueber-uns\/\",\"name\":\"\u00dcber Uns - Volburg group site\",\"isPartOf\":{\"@id\":\"https:\/\/volburg-group.com\/de\/#website\"},\"primaryImageOfPage\":{\"@id\":\"https:\/\/volburg-group.com\/de\/ueber-uns\/#primaryimage\"},\"image\":{\"@id\":\"https:\/\/volburg-group.com\/de\/ueber-uns\/#primaryimage\"},\"thumbnailUrl\":\"https:\/\/volburg-group.com\/wp-content\/uploads\/2025\/09\/om_400x581.png\",\"datePublished\":\"2025-02-12T13:56:36+00:00\",\"dateModified\":\"2025-10-10T11:02:31+00:00\",\"breadcrumb\":{\"@id\":\"https:\/\/volburg-group.com\/de\/ueber-uns\/#breadcrumb\"},\"inLanguage\":\"de\",\"potentialAction\":[{\"@type\":\"ReadAction\",\"target\":[\"https:\/\/volburg-group.com\/de\/ueber-uns\/\"]}]},{\"@type\":\"ImageObject\",\"inLanguage\":\"de\",\"@id\":\"https:\/\/volburg-group.com\/de\/ueber-uns\/#primaryimage\",\"url\":\"https:\/\/volburg-group.com\/wp-content\/uploads\/2025\/09\/om_400x581.png\",\"contentUrl\":\"https:\/\/volburg-group.com\/wp-content\/uploads\/2025\/09\/om_400x581.png\"},{\"@type\":\"BreadcrumbList\",\"@id\":\"https:\/\/volburg-group.com\/de\/ueber-uns\/#breadcrumb\",\"itemListElement\":[{\"@type\":\"ListItem\",\"position\":1,\"name\":\"Home\",\"item\":\"https:\/\/volburg-group.com\/de\/elementor-1247\/\"},{\"@type\":\"ListItem\",\"position\":2,\"name\":\"\u00dcber Uns\"}]},{\"@type\":\"WebSite\",\"@id\":\"https:\/\/volburg-group.com\/de\/#website\",\"url\":\"https:\/\/volburg-group.com\/de\/\",\"name\":\"Volburg group site\",\"description\":\"\",\"publisher\":{\"@id\":\"https:\/\/volburg-group.com\/de\/#organization\"},\"potentialAction\":[{\"@type\":\"SearchAction\",\"target\":{\"@type\":\"EntryPoint\",\"urlTemplate\":\"https:\/\/volburg-group.com\/de\/?s={search_term_string}\"},\"query-input\":{\"@type\":\"PropertyValueSpecification\",\"valueRequired\":true,\"valueName\":\"search_term_string\"}}],\"inLanguage\":\"de\"},{\"@type\":\"Organization\",\"@id\":\"https:\/\/volburg-group.com\/de\/#organization\",\"name\":\"Volburg group\",\"url\":\"https:\/\/volburg-group.com\/de\/\",\"logo\":{\"@type\":\"ImageObject\",\"inLanguage\":\"de\",\"@id\":\"https:\/\/volburg-group.com\/de\/#\/schema\/logo\/image\/\",\"url\":\"https:\/\/volburg-group.com\/wp-content\/uploads\/2025\/09\/volburg_group_new.png\",\"contentUrl\":\"https:\/\/volburg-group.com\/wp-content\/uploads\/2025\/09\/volburg_group_new.png\",\"width\":374,\"height\":100,\"caption\":\"Volburg group\"},\"image\":{\"@id\":\"https:\/\/volburg-group.com\/de\/#\/schema\/logo\/image\/\"}}]}<\/script>\n<!-- \/ Yoast SEO plugin. -->","yoast_head_json":{"title":"\u00dcber Uns - Volburg group site","robots":{"index":"index","follow":"follow","max-snippet":"max-snippet:-1","max-image-preview":"max-image-preview:large","max-video-preview":"max-video-preview:-1"},"canonical":"https:\/\/volburg-group.com\/de\/ueber-uns\/","og_locale":"de_DE","og_type":"article","og_title":"\u00dcber Uns - Volburg group site","og_description":"\u00dcber uns Hintergrund: Fast 30 Jahre meiner Berufserfahrung verbrachte ich im Bereich der Elektronik-Vertragsfertigung, wo ich effiziente Produktionsprozesse entwickelte, moderne Technologien und weltweites Know-how f\u00fcr nationale und internationale Kunden implementierte. Dies f\u00fchrte zu der Idee, den Kunden einen einzigartigen Service anzubieten, um dessen Produktionsbed\u00fcrfnisse im Bereich Electronic Manufacturing Services (EMS) zu koordinieren, und schrittweise das [&hellip;]","og_url":"https:\/\/volburg-group.com\/de\/ueber-uns\/","og_site_name":"Volburg group site","article_modified_time":"2025-10-10T11:02:31+00:00","og_image":[{"width":400,"height":581,"url":"https:\/\/volburg-group.com\/wp-content\/uploads\/2025\/09\/om_400x581.png","type":"image\/png"}],"twitter_card":"summary_large_image","twitter_misc":{"Gesch\u00e4tzte Lesezeit":"3\u00a0Minuten"},"schema":{"@context":"https:\/\/schema.org","@graph":[{"@type":"WebPage","@id":"https:\/\/volburg-group.com\/de\/ueber-uns\/","url":"https:\/\/volburg-group.com\/de\/ueber-uns\/","name":"\u00dcber Uns - Volburg group site","isPartOf":{"@id":"https:\/\/volburg-group.com\/de\/#website"},"primaryImageOfPage":{"@id":"https:\/\/volburg-group.com\/de\/ueber-uns\/#primaryimage"},"image":{"@id":"https:\/\/volburg-group.com\/de\/ueber-uns\/#primaryimage"},"thumbnailUrl":"https:\/\/volburg-group.com\/wp-content\/uploads\/2025\/09\/om_400x581.png","datePublished":"2025-02-12T13:56:36+00:00","dateModified":"2025-10-10T11:02:31+00:00","breadcrumb":{"@id":"https:\/\/volburg-group.com\/de\/ueber-uns\/#breadcrumb"},"inLanguage":"de","potentialAction":[{"@type":"ReadAction","target":["https:\/\/volburg-group.com\/de\/ueber-uns\/"]}]},{"@type":"ImageObject","inLanguage":"de","@id":"https:\/\/volburg-group.com\/de\/ueber-uns\/#primaryimage","url":"https:\/\/volburg-group.com\/wp-content\/uploads\/2025\/09\/om_400x581.png","contentUrl":"https:\/\/volburg-group.com\/wp-content\/uploads\/2025\/09\/om_400x581.png"},{"@type":"BreadcrumbList","@id":"https:\/\/volburg-group.com\/de\/ueber-uns\/#breadcrumb","itemListElement":[{"@type":"ListItem","position":1,"name":"Home","item":"https:\/\/volburg-group.com\/de\/elementor-1247\/"},{"@type":"ListItem","position":2,"name":"\u00dcber Uns"}]},{"@type":"WebSite","@id":"https:\/\/volburg-group.com\/de\/#website","url":"https:\/\/volburg-group.com\/de\/","name":"Volburg group site","description":"","publisher":{"@id":"https:\/\/volburg-group.com\/de\/#organization"},"potentialAction":[{"@type":"SearchAction","target":{"@type":"EntryPoint","urlTemplate":"https:\/\/volburg-group.com\/de\/?s={search_term_string}"},"query-input":{"@type":"PropertyValueSpecification","valueRequired":true,"valueName":"search_term_string"}}],"inLanguage":"de"},{"@type":"Organization","@id":"https:\/\/volburg-group.com\/de\/#organization","name":"Volburg group","url":"https:\/\/volburg-group.com\/de\/","logo":{"@type":"ImageObject","inLanguage":"de","@id":"https:\/\/volburg-group.com\/de\/#\/schema\/logo\/image\/","url":"https:\/\/volburg-group.com\/wp-content\/uploads\/2025\/09\/volburg_group_new.png","contentUrl":"https:\/\/volburg-group.com\/wp-content\/uploads\/2025\/09\/volburg_group_new.png","width":374,"height":100,"caption":"Volburg group"},"image":{"@id":"https:\/\/volburg-group.com\/de\/#\/schema\/logo\/image\/"}}]}},"_links":{"self":[{"href":"https:\/\/volburg-group.com\/de\/wp-json\/wp\/v2\/pages\/1233","targetHints":{"allow":["GET"]}}],"collection":[{"href":"https:\/\/volburg-group.com\/de\/wp-json\/wp\/v2\/pages"}],"about":[{"href":"https:\/\/volburg-group.com\/de\/wp-json\/wp\/v2\/types\/page"}],"author":[{"embeddable":true,"href":"https:\/\/volburg-group.com\/de\/wp-json\/wp\/v2\/users\/2"}],"replies":[{"embeddable":true,"href":"https:\/\/volburg-group.com\/de\/wp-json\/wp\/v2\/comments?post=1233"}],"version-history":[{"count":10,"href":"https:\/\/volburg-group.com\/de\/wp-json\/wp\/v2\/pages\/1233\/revisions"}],"predecessor-version":[{"id":2499,"href":"https:\/\/volburg-group.com\/de\/wp-json\/wp\/v2\/pages\/1233\/revisions\/2499"}],"wp:attachment":[{"href":"https:\/\/volburg-group.com\/de\/wp-json\/wp\/v2\/media?parent=1233"}],"curies":[{"name":"wp","href":"https:\/\/api.w.org\/{rel}","templated":true}]}}