{"id":1304,"date":"2025-02-12T15:56:36","date_gmt":"2025-02-12T13:56:36","guid":{"rendered":"https:\/\/volburg-group.com\/?page_id=1304"},"modified":"2025-10-10T13:57:23","modified_gmt":"2025-10-10T10:57:23","slug":"a-propos-de-nous","status":"publish","type":"page","link":"https:\/\/volburg-group.com\/fr\/a-propos-de-nous\/","title":{"rendered":"A propos de nous"},"content":{"rendered":"\t\t<div data-elementor-type=\"wp-page\" data-elementor-id=\"1304\" class=\"elementor elementor-1304 elementor-150\" data-elementor-post-type=\"page\">\n\t\t\t\t<div class=\"elementor-element elementor-element-1d6f916 e-con-full e-flex e-con e-parent\" data-id=\"1d6f916\" data-element_type=\"container\" data-e-type=\"container\" data-settings=\"{&quot;background_background&quot;:&quot;classic&quot;}\">\n\t\t\t\t<div class=\"elementor-element elementor-element-fa3468c elementor-widget elementor-widget-heading\" data-id=\"fa3468c\" data-element_type=\"widget\" data-e-type=\"widget\" data-widget_type=\"heading.default\">\n\t\t\t\t<div class=\"elementor-widget-container\">\n\t\t\t\t\t<h1 class=\"elementor-heading-title elementor-size-default\">\u00c0 propos de nous<\/h1>\t\t\t\t<\/div>\n\t\t\t\t<\/div>\n\t\t\t\t<\/div>\n\t\t<div class=\"elementor-element elementor-element-aa42746 e-flex e-con-boxed e-con e-parent\" data-id=\"aa42746\" data-element_type=\"container\" data-e-type=\"container\">\n\t\t\t\t\t<div class=\"e-con-inner\">\n\t\t\t\t<div class=\"elementor-element elementor-element-e5012b4 elementor-widget__width-initial elementor-invisible elementor-widget elementor-widget-heading\" data-id=\"e5012b4\" data-element_type=\"widget\" data-e-type=\"widget\" data-settings=\"{&quot;_animation&quot;:&quot;fadeIn&quot;}\" data-widget_type=\"heading.default\">\n\t\t\t\t<div class=\"elementor-widget-container\">\n\t\t\t\t\t<h2 class=\"elementor-heading-title elementor-size-default\">Contexte :<\/h2>\t\t\t\t<\/div>\n\t\t\t\t<\/div>\n\t\t\t\t<div class=\"elementor-element elementor-element-b58fb7f elementor-widget__width-initial elementor-widget elementor-widget-text-editor\" data-id=\"b58fb7f\" data-element_type=\"widget\" data-e-type=\"widget\" data-widget_type=\"text-editor.default\">\n\t\t\t\t<div class=\"elementor-widget-container\">\n\t\t\t\t\t\t\t\t\t<p>Pr\u00e8s de 30 ans de mon exp\u00e9rience professionnelle ont \u00e9t\u00e9 consacr\u00e9s au secteur de la fabrication \u00e9lectronique sous contrat, en d\u00e9veloppant des processus de production efficaces, en mettant en \u0153uvre des technologies modernes et des savoir-faire mondiaux pour des clients nationaux et internationaux.<\/p><p>Cela m\u2019a conduit \u00e0 l\u2019id\u00e9e d\u2019offrir un service unique aux clients pour coordonner leurs besoins de production dans le domaine des services de fabrication \u00e9lectronique (EMS), en \u00e9largissant progressivement la gamme de services du paquet propos\u00e9, du EMS au cycle complet de la production \u00e9lectronique.<\/p><p>Le mot \u201cVOLBURG\u201d dans le nom de la soci\u00e9t\u00e9 \u201cVOLBURG group\u201d a \u00e9t\u00e9 cr\u00e9\u00e9 par mon p\u00e8re Viktors Kononovs, qui l\u2019a invent\u00e9 en 1996. Le nom conserve ses racines familiales et symbolise \u201cla ville de Victoria et Olga\u201d. La \u201cV\u201d repr\u00e9sente la plus jeune fille de Viktor, Victoria ; \u201cOL\u201d signifie sa fille a\u00een\u00e9e, Olga ; et \u201cburg\u201d d\u00e9signe une ville.<\/p><p>Fondatrice de \u201cVOLBURG group\u201d<br \/>Olga Malkiela<\/p>\t\t\t\t\t\t\t\t<\/div>\n\t\t\t\t<\/div>\n\t\t\t\t<div class=\"elementor-element elementor-element-6652446 elementor-widget elementor-widget-image\" data-id=\"6652446\" data-element_type=\"widget\" data-e-type=\"widget\" data-widget_type=\"image.default\">\n\t\t\t\t<div class=\"elementor-widget-container\">\n\t\t\t\t\t\t\t\t\t\t\t\t\t\t\t<img fetchpriority=\"high\" decoding=\"async\" width=\"400\" height=\"581\" src=\"https:\/\/volburg-group.com\/wp-content\/uploads\/2025\/09\/om_400x581.png\" class=\"attachment-medium_large size-medium_large wp-image-1855\" alt=\"\" srcset=\"https:\/\/volburg-group.com\/wp-content\/uploads\/2025\/09\/om_400x581.png 400w, https:\/\/volburg-group.com\/wp-content\/uploads\/2025\/09\/om_400x581-207x300.png 207w\" sizes=\"(max-width: 400px) 100vw, 400px\" \/>\t\t\t\t\t\t\t\t\t\t\t\t\t\t\t<\/div>\n\t\t\t\t<\/div>\n\t\t\t\t\t<\/div>\n\t\t\t\t<\/div>\n\t\t<div class=\"elementor-element elementor-element-eea157d e-con-full e-flex e-con e-parent\" data-id=\"eea157d\" data-element_type=\"container\" data-e-type=\"container\">\n\t\t\t\t<div class=\"elementor-element elementor-element-803eba5 elementor-widget__width-initial elementor-invisible elementor-widget elementor-widget-heading\" data-id=\"803eba5\" data-element_type=\"widget\" data-e-type=\"widget\" data-settings=\"{&quot;_animation&quot;:&quot;fadeIn&quot;}\" data-widget_type=\"heading.default\">\n\t\t\t\t<div class=\"elementor-widget-container\">\n\t\t\t\t\t<h2 class=\"elementor-heading-title elementor-size-default\">Nouveau d\u00e9part : \u201cVOLBURG group\u201d \u2013 votre plateforme tout-en-un pour la coordination de production internationale !<\/h2>\t\t\t\t<\/div>\n\t\t\t\t<\/div>\n\t\t\t\t<\/div>\n\t\t<div class=\"elementor-element elementor-element-93e265e e-flex e-con-boxed e-con e-parent\" data-id=\"93e265e\" data-element_type=\"container\" data-e-type=\"container\">\n\t\t\t\t\t<div class=\"e-con-inner\">\n\t\t\t\t<div class=\"elementor-element elementor-element-44501f9 elementor-widget__width-initial elementor-invisible elementor-widget elementor-widget-text-editor\" data-id=\"44501f9\" data-element_type=\"widget\" data-e-type=\"widget\" data-settings=\"{&quot;_animation&quot;:&quot;zoomIn&quot;}\" data-widget_type=\"text-editor.default\">\n\t\t\t\t<div class=\"elementor-widget-container\">\n\t\t\t\t\t\t\t\t\t<p>Fort de 30 ans d\u2019exp\u00e9rience dans les Services de Fabrication \u00c9lectronique (EMS), le \u201cVOLBURG group\u201d a lanc\u00e9 une nouvelle initiative en 2024 pour permettre \u00e0 ses clients de b\u00e9n\u00e9ficier de la combinaison des capacit\u00e9s de production de diff\u00e9rents sites manufacturiers \u00e0 travers le monde, contr\u00f4l\u00e9s par notre plateforme.<\/p><p>Notre expertise dans les processus technologiques et notre r\u00e9seau de partenaires en constante expansion nous ont permis d\u2019assurer \u00e0 nos clients un service de sous-traitance de haute qualit\u00e9, parfaitement adapt\u00e9 \u00e0 leurs exigences en termes de complexit\u00e9 des PCBA, de besoins personnalis\u00e9s pour l\u2019assemblage m\u00e9canique, ainsi que des demandes relatives aux composants et pi\u00e8ces de rechange. Notre plateforme offre des solutions innovantes pour coordonner les capacit\u00e9s de production et les niveaux technologiques de diff\u00e9rents fabricants \u00e0 l\u2019\u00e9chelle mondiale, garantissant ainsi la plus haute qualit\u00e9 des produits de nos clients. Le \u201cVOLBURG group\u201d rend la mise en r\u00e9seau et la sous-traitance transparents pour ses clients.<\/p>\t\t\t\t\t\t\t\t<\/div>\n\t\t\t\t<\/div>\n\t\t\t\t\t<\/div>\n\t\t\t\t<\/div>\n\t\t<div class=\"elementor-element elementor-element-fef6578 e-flex e-con-boxed e-con e-parent\" data-id=\"fef6578\" data-element_type=\"container\" data-e-type=\"container\">\n\t\t\t\t\t<div class=\"e-con-inner\">\n\t\t<div class=\"elementor-element elementor-element-a7c8e9a e-con-full e-flex e-con e-child\" data-id=\"a7c8e9a\" data-element_type=\"container\" data-e-type=\"container\">\n\t\t\t\t<div class=\"elementor-element elementor-element-4b0aae2 elementor-widget elementor-widget-heading\" data-id=\"4b0aae2\" data-element_type=\"widget\" data-e-type=\"widget\" data-widget_type=\"heading.default\">\n\t\t\t\t<div class=\"elementor-widget-container\">\n\t\t\t\t\t<h2 class=\"elementor-heading-title elementor-size-default\">Notre mission<\/h2>\t\t\t\t<\/div>\n\t\t\t\t<\/div>\n\t\t\t\t<div class=\"elementor-element elementor-element-66c56d1 elementor-widget elementor-widget-text-editor\" data-id=\"66c56d1\" data-element_type=\"widget\" data-e-type=\"widget\" data-widget_type=\"text-editor.default\">\n\t\t\t\t<div class=\"elementor-widget-container\">\n\t\t\t\t\t\t\t\t\t<p>L&rsquo;objectif de la cr\u00e9ation du \u00abVOLBURG group\u00bb est de partager notre expertise et de devenir votre partenaire de confiance, vous accompagnant depuis l&rsquo;id\u00e9e initiale de votre produit jusqu&rsquo;\u00e0 sa livraison finale aux clients.<\/p><p>Notre mission est de soutenir VOS besoins de production gr\u00e2ce \u00e0 notre vaste exp\u00e9rience dans la coordination efficace des pr\u00e9-productions, de la production et du service apr\u00e8s-vente avec des fabricants fiables du monde entier.<\/p>\t\t\t\t\t\t\t\t<\/div>\n\t\t\t\t<\/div>\n\t\t\t\t<\/div>\n\t\t<div class=\"elementor-element elementor-element-f327ebb e-con-full e-flex elementor-invisible e-con e-child\" data-id=\"f327ebb\" data-element_type=\"container\" data-e-type=\"container\" data-settings=\"{&quot;background_background&quot;:&quot;classic&quot;,&quot;animation&quot;:&quot;slideInRight&quot;}\">\n\t\t\t\t<\/div>\n\t\t\t\t\t<\/div>\n\t\t\t\t<\/div>\n\t\t<div class=\"elementor-element elementor-element-048fe6c e-flex e-con-boxed e-con e-parent\" data-id=\"048fe6c\" data-element_type=\"container\" data-e-type=\"container\">\n\t\t\t\t\t<div class=\"e-con-inner\">\n\t\t<div class=\"elementor-element elementor-element-43ad71e e-con-full e-flex elementor-invisible e-con e-child\" data-id=\"43ad71e\" data-element_type=\"container\" data-e-type=\"container\" data-settings=\"{&quot;background_background&quot;:&quot;classic&quot;,&quot;animation&quot;:&quot;slideInLeft&quot;}\">\n\t\t\t\t<\/div>\n\t\t<div class=\"elementor-element elementor-element-b9ef8df e-con-full e-flex e-con e-child\" data-id=\"b9ef8df\" data-element_type=\"container\" data-e-type=\"container\">\n\t\t\t\t<div class=\"elementor-element elementor-element-b05bb49 elementor-widget elementor-widget-heading\" data-id=\"b05bb49\" data-element_type=\"widget\" data-e-type=\"widget\" data-widget_type=\"heading.default\">\n\t\t\t\t<div class=\"elementor-widget-container\">\n\t\t\t\t\t<h2 class=\"elementor-heading-title elementor-size-default\">Notre vision<\/h2>\t\t\t\t<\/div>\n\t\t\t\t<\/div>\n\t\t\t\t<div class=\"elementor-element elementor-element-54390e3 elementor-widget elementor-widget-text-editor\" data-id=\"54390e3\" data-element_type=\"widget\" data-e-type=\"widget\" data-widget_type=\"text-editor.default\">\n\t\t\t\t<div class=\"elementor-widget-container\">\n\t\t\t\t\t\t\t\t\t<p>Chez \u00abVOLBURG group\u00bb, nos clients sont les esprits cr\u00e9atifs derri\u00e8re des produits \u00e9lectroniques innovants. Dans un march\u00e9 en \u00e9volution rapide, nous les accompagnons \u00e0 chaque \u00e9tape, de l&rsquo;id\u00e9e \u00e0 une production en s\u00e9rie \u00e9volutive, tout en assurant la protection de la propri\u00e9t\u00e9 intellectuelle.<\/p><p>Chez \u00abVOLBURG group\u00bb, nous visons \u00e0 rester align\u00e9s avec les derni\u00e8res innovations dans l&rsquo;industrie \u00e9lectronique et le secteur manufacturier, en mettant l&rsquo;accent sur la croissance collaborative et le d\u00e9veloppement continu avec nos clients.<\/p>\t\t\t\t\t\t\t\t<\/div>\n\t\t\t\t<\/div>\n\t\t\t\t<\/div>\n\t\t\t\t\t<\/div>\n\t\t\t\t<\/div>\n\t\t<div class=\"elementor-element elementor-element-8a88201 e-flex e-con-boxed e-con e-parent\" data-id=\"8a88201\" data-element_type=\"container\" data-e-type=\"container\">\n\t\t\t\t\t<div class=\"e-con-inner\">\n\t\t<div class=\"elementor-element elementor-element-998aa73 e-con-full e-flex e-con e-child\" data-id=\"998aa73\" data-element_type=\"container\" data-e-type=\"container\">\n\t\t\t\t<div class=\"elementor-element elementor-element-e97235f elementor-widget elementor-widget-heading\" data-id=\"e97235f\" data-element_type=\"widget\" data-e-type=\"widget\" data-widget_type=\"heading.default\">\n\t\t\t\t<div class=\"elementor-widget-container\">\n\t\t\t\t\t<h2 class=\"elementor-heading-title elementor-size-default\">Valeurs fondamentales<\/h2>\t\t\t\t<\/div>\n\t\t\t\t<\/div>\n\t\t\t\t<div class=\"elementor-element elementor-element-8ce091f elementor-widget elementor-widget-text-editor\" data-id=\"8ce091f\" data-element_type=\"widget\" data-e-type=\"widget\" data-widget_type=\"text-editor.default\">\n\t\t\t\t<div class=\"elementor-widget-container\">\n\t\t\t\t\t\t\t\t\t<p>La collaboration et la confiance commencent par l&rsquo;id\u00e9e du client.<\/p><p>Les nouvelles opportunit\u00e9s de production et les solutions innovantes stimulent notre niveau de service.<\/p><p>La flexibilit\u00e9 et l&rsquo;engagement \u00e0 am\u00e9liorer nos services pour r\u00e9pondre aux besoins des clients font de nous un partenaire attractif.<\/p><p>Notre recherche constante d&rsquo;opportunit\u00e9s d&rsquo;am\u00e9lioration et de croissance inspire la confiance de nos clients.<\/p>\t\t\t\t\t\t\t\t<\/div>\n\t\t\t\t<\/div>\n\t\t\t\t<\/div>\n\t\t<div class=\"elementor-element elementor-element-dba3fd7 e-con-full e-flex elementor-invisible e-con e-child\" data-id=\"dba3fd7\" data-element_type=\"container\" data-e-type=\"container\" data-settings=\"{&quot;background_background&quot;:&quot;classic&quot;,&quot;animation&quot;:&quot;slideInRight&quot;}\">\n\t\t\t\t<\/div>\n\t\t\t\t\t<\/div>\n\t\t\t\t<\/div>\n\t\t<div class=\"elementor-element elementor-element-38275c1 e-flex e-con-boxed e-con e-parent\" data-id=\"38275c1\" data-element_type=\"container\" data-e-type=\"container\">\n\t\t\t\t\t<div class=\"e-con-inner\">\n\t\t<div class=\"elementor-element elementor-element-a13dcdc e-flex e-con-boxed e-con e-child\" data-id=\"a13dcdc\" data-element_type=\"container\" data-e-type=\"container\" data-settings=\"{&quot;background_background&quot;:&quot;classic&quot;}\">\n\t\t\t\t\t<div class=\"e-con-inner\">\n\t\t\t\t<div class=\"elementor-element elementor-element-758979d elementor-widget elementor-widget-heading\" data-id=\"758979d\" data-element_type=\"widget\" data-e-type=\"widget\" data-widget_type=\"heading.default\">\n\t\t\t\t<div class=\"elementor-widget-container\">\n\t\t\t\t\t<h2 class=\"elementor-heading-title elementor-size-default\">Nos clients<\/h2>\t\t\t\t<\/div>\n\t\t\t\t<\/div>\n\t\t\t\t<div class=\"elementor-element elementor-element-d54d360 elementor-widget__width-initial elementor-widget elementor-widget-text-editor\" data-id=\"d54d360\" data-element_type=\"widget\" data-e-type=\"widget\" data-widget_type=\"text-editor.default\">\n\t\t\t\t<div class=\"elementor-widget-container\">\n\t\t\t\t\t\t\t\t\t<p>Nous servons des clients dans le monde entier en analysant soigneusement leurs besoins et en les mettant en relation avec les fabricants les mieux adapt\u00e9s \u00e0 leurs exigences de projet.<\/p><p>Notre r\u00e9seau \u00e9tendu nous permet de choisir des partenaires en fonction de leurs comp\u00e9tences pertinentes, de r\u00e9f\u00e9rences de production \u00e9prouv\u00e9es et de leurs emplacements strat\u00e9giques \u2013 garantissant des solutions de fabrication optimales pour chaque projet unique.<\/p><p>Gr\u00e2ce \u00e0 notre soutien d\u00e9di\u00e9, nos clients b\u00e9n\u00e9ficient d\u2019un processus de production rationalis\u00e9, d\u2019un d\u00e9lai de mise sur le march\u00e9 plus rapide et de co\u00fbts de fabrication r\u00e9duits \u2014 transformant des id\u00e9es innovantes en produits fiables et soutenant leur succ\u00e8s m\u00eame dans les domaines d\u2019application les plus exigeants.<\/p>\t\t\t\t\t\t\t\t<\/div>\n\t\t\t\t<\/div>\n\t\t\t\t\t<\/div>\n\t\t\t\t<\/div>\n\t\t\t\t\t<\/div>\n\t\t\t\t<\/div>\n\t\t\t\t<\/div>\n\t\t","protected":false},"excerpt":{"rendered":"<p>\u00c0 propos de nous Contexte : Pr\u00e8s de 30 ans de mon exp\u00e9rience professionnelle ont \u00e9t\u00e9 consacr\u00e9s au secteur de la fabrication \u00e9lectronique sous contrat, en d\u00e9veloppant des processus de production efficaces, en mettant en \u0153uvre des technologies modernes et des savoir-faire mondiaux pour des clients nationaux et internationaux. Cela m\u2019a conduit \u00e0 l\u2019id\u00e9e d\u2019offrir [&hellip;]<\/p>\n","protected":false},"author":2,"featured_media":0,"parent":0,"menu_order":0,"comment_status":"closed","ping_status":"closed","template":"elementor_header_footer","meta":{"footnotes":""},"class_list":["post-1304","page","type-page","status-publish","hentry"],"yoast_head":"<!-- This site is optimized with the Yoast SEO plugin v27.0 - https:\/\/yoast.com\/product\/yoast-seo-wordpress\/ -->\n<title>A propos de nous - Volburg group site<\/title>\n<meta name=\"robots\" content=\"index, follow, max-snippet:-1, max-image-preview:large, max-video-preview:-1\" \/>\n<link rel=\"canonical\" href=\"https:\/\/volburg-group.com\/fr\/a-propos-de-nous\/\" \/>\n<meta property=\"og:locale\" content=\"fr_FR\" \/>\n<meta property=\"og:type\" content=\"article\" \/>\n<meta property=\"og:title\" content=\"A propos de nous - Volburg group site\" \/>\n<meta property=\"og:description\" content=\"\u00c0 propos de nous Contexte : Pr\u00e8s de 30 ans de mon exp\u00e9rience professionnelle ont \u00e9t\u00e9 consacr\u00e9s au secteur de la fabrication \u00e9lectronique sous contrat, en d\u00e9veloppant des processus de production efficaces, en mettant en \u0153uvre des technologies modernes et des savoir-faire mondiaux pour des clients nationaux et internationaux. Cela m\u2019a conduit \u00e0 l\u2019id\u00e9e d\u2019offrir [&hellip;]\" \/>\n<meta property=\"og:url\" content=\"https:\/\/volburg-group.com\/fr\/a-propos-de-nous\/\" \/>\n<meta property=\"og:site_name\" content=\"Volburg group site\" \/>\n<meta property=\"article:modified_time\" content=\"2025-10-10T10:57:23+00:00\" \/>\n<meta property=\"og:image\" content=\"https:\/\/volburg-group.com\/wp-content\/uploads\/2025\/09\/om_400x581.png\" \/>\n\t<meta property=\"og:image:width\" content=\"400\" \/>\n\t<meta property=\"og:image:height\" content=\"581\" \/>\n\t<meta property=\"og:image:type\" content=\"image\/png\" \/>\n<meta name=\"twitter:card\" content=\"summary_large_image\" \/>\n<meta name=\"twitter:label1\" content=\"Dur\u00e9e de lecture estim\u00e9e\" \/>\n\t<meta name=\"twitter:data1\" content=\"4 minutes\" \/>\n<script type=\"application\/ld+json\" class=\"yoast-schema-graph\">{\"@context\":\"https:\/\/schema.org\",\"@graph\":[{\"@type\":\"WebPage\",\"@id\":\"https:\/\/volburg-group.com\/fr\/a-propos-de-nous\/\",\"url\":\"https:\/\/volburg-group.com\/fr\/a-propos-de-nous\/\",\"name\":\"A propos de nous - Volburg group site\",\"isPartOf\":{\"@id\":\"https:\/\/volburg-group.com\/fr\/#website\"},\"primaryImageOfPage\":{\"@id\":\"https:\/\/volburg-group.com\/fr\/a-propos-de-nous\/#primaryimage\"},\"image\":{\"@id\":\"https:\/\/volburg-group.com\/fr\/a-propos-de-nous\/#primaryimage\"},\"thumbnailUrl\":\"https:\/\/volburg-group.com\/wp-content\/uploads\/2025\/09\/om_400x581.png\",\"datePublished\":\"2025-02-12T13:56:36+00:00\",\"dateModified\":\"2025-10-10T10:57:23+00:00\",\"breadcrumb\":{\"@id\":\"https:\/\/volburg-group.com\/fr\/a-propos-de-nous\/#breadcrumb\"},\"inLanguage\":\"fr-FR\",\"potentialAction\":[{\"@type\":\"ReadAction\",\"target\":[\"https:\/\/volburg-group.com\/fr\/a-propos-de-nous\/\"]}]},{\"@type\":\"ImageObject\",\"inLanguage\":\"fr-FR\",\"@id\":\"https:\/\/volburg-group.com\/fr\/a-propos-de-nous\/#primaryimage\",\"url\":\"https:\/\/volburg-group.com\/wp-content\/uploads\/2025\/09\/om_400x581.png\",\"contentUrl\":\"https:\/\/volburg-group.com\/wp-content\/uploads\/2025\/09\/om_400x581.png\"},{\"@type\":\"BreadcrumbList\",\"@id\":\"https:\/\/volburg-group.com\/fr\/a-propos-de-nous\/#breadcrumb\",\"itemListElement\":[{\"@type\":\"ListItem\",\"position\":1,\"name\":\"Home\",\"item\":\"https:\/\/volburg-group.com\/fr\/elementor-1346\/\"},{\"@type\":\"ListItem\",\"position\":2,\"name\":\"A propos de nous\"}]},{\"@type\":\"WebSite\",\"@id\":\"https:\/\/volburg-group.com\/fr\/#website\",\"url\":\"https:\/\/volburg-group.com\/fr\/\",\"name\":\"Volburg group site\",\"description\":\"\",\"publisher\":{\"@id\":\"https:\/\/volburg-group.com\/fr\/#organization\"},\"potentialAction\":[{\"@type\":\"SearchAction\",\"target\":{\"@type\":\"EntryPoint\",\"urlTemplate\":\"https:\/\/volburg-group.com\/fr\/?s={search_term_string}\"},\"query-input\":{\"@type\":\"PropertyValueSpecification\",\"valueRequired\":true,\"valueName\":\"search_term_string\"}}],\"inLanguage\":\"fr-FR\"},{\"@type\":\"Organization\",\"@id\":\"https:\/\/volburg-group.com\/fr\/#organization\",\"name\":\"Volburg group\",\"url\":\"https:\/\/volburg-group.com\/fr\/\",\"logo\":{\"@type\":\"ImageObject\",\"inLanguage\":\"fr-FR\",\"@id\":\"https:\/\/volburg-group.com\/fr\/#\/schema\/logo\/image\/\",\"url\":\"https:\/\/volburg-group.com\/wp-content\/uploads\/2025\/09\/volburg_group_new.png\",\"contentUrl\":\"https:\/\/volburg-group.com\/wp-content\/uploads\/2025\/09\/volburg_group_new.png\",\"width\":374,\"height\":100,\"caption\":\"Volburg group\"},\"image\":{\"@id\":\"https:\/\/volburg-group.com\/fr\/#\/schema\/logo\/image\/\"}}]}<\/script>\n<!-- \/ Yoast SEO plugin. -->","yoast_head_json":{"title":"A propos de nous - Volburg group site","robots":{"index":"index","follow":"follow","max-snippet":"max-snippet:-1","max-image-preview":"max-image-preview:large","max-video-preview":"max-video-preview:-1"},"canonical":"https:\/\/volburg-group.com\/fr\/a-propos-de-nous\/","og_locale":"fr_FR","og_type":"article","og_title":"A propos de nous - Volburg group site","og_description":"\u00c0 propos de nous Contexte : Pr\u00e8s de 30 ans de mon exp\u00e9rience professionnelle ont \u00e9t\u00e9 consacr\u00e9s au secteur de la fabrication \u00e9lectronique sous contrat, en d\u00e9veloppant des processus de production efficaces, en mettant en \u0153uvre des technologies modernes et des savoir-faire mondiaux pour des clients nationaux et internationaux. Cela m\u2019a conduit \u00e0 l\u2019id\u00e9e d\u2019offrir [&hellip;]","og_url":"https:\/\/volburg-group.com\/fr\/a-propos-de-nous\/","og_site_name":"Volburg group site","article_modified_time":"2025-10-10T10:57:23+00:00","og_image":[{"width":400,"height":581,"url":"https:\/\/volburg-group.com\/wp-content\/uploads\/2025\/09\/om_400x581.png","type":"image\/png"}],"twitter_card":"summary_large_image","twitter_misc":{"Dur\u00e9e de lecture estim\u00e9e":"4 minutes"},"schema":{"@context":"https:\/\/schema.org","@graph":[{"@type":"WebPage","@id":"https:\/\/volburg-group.com\/fr\/a-propos-de-nous\/","url":"https:\/\/volburg-group.com\/fr\/a-propos-de-nous\/","name":"A propos de nous - Volburg group site","isPartOf":{"@id":"https:\/\/volburg-group.com\/fr\/#website"},"primaryImageOfPage":{"@id":"https:\/\/volburg-group.com\/fr\/a-propos-de-nous\/#primaryimage"},"image":{"@id":"https:\/\/volburg-group.com\/fr\/a-propos-de-nous\/#primaryimage"},"thumbnailUrl":"https:\/\/volburg-group.com\/wp-content\/uploads\/2025\/09\/om_400x581.png","datePublished":"2025-02-12T13:56:36+00:00","dateModified":"2025-10-10T10:57:23+00:00","breadcrumb":{"@id":"https:\/\/volburg-group.com\/fr\/a-propos-de-nous\/#breadcrumb"},"inLanguage":"fr-FR","potentialAction":[{"@type":"ReadAction","target":["https:\/\/volburg-group.com\/fr\/a-propos-de-nous\/"]}]},{"@type":"ImageObject","inLanguage":"fr-FR","@id":"https:\/\/volburg-group.com\/fr\/a-propos-de-nous\/#primaryimage","url":"https:\/\/volburg-group.com\/wp-content\/uploads\/2025\/09\/om_400x581.png","contentUrl":"https:\/\/volburg-group.com\/wp-content\/uploads\/2025\/09\/om_400x581.png"},{"@type":"BreadcrumbList","@id":"https:\/\/volburg-group.com\/fr\/a-propos-de-nous\/#breadcrumb","itemListElement":[{"@type":"ListItem","position":1,"name":"Home","item":"https:\/\/volburg-group.com\/fr\/elementor-1346\/"},{"@type":"ListItem","position":2,"name":"A propos de nous"}]},{"@type":"WebSite","@id":"https:\/\/volburg-group.com\/fr\/#website","url":"https:\/\/volburg-group.com\/fr\/","name":"Volburg group site","description":"","publisher":{"@id":"https:\/\/volburg-group.com\/fr\/#organization"},"potentialAction":[{"@type":"SearchAction","target":{"@type":"EntryPoint","urlTemplate":"https:\/\/volburg-group.com\/fr\/?s={search_term_string}"},"query-input":{"@type":"PropertyValueSpecification","valueRequired":true,"valueName":"search_term_string"}}],"inLanguage":"fr-FR"},{"@type":"Organization","@id":"https:\/\/volburg-group.com\/fr\/#organization","name":"Volburg group","url":"https:\/\/volburg-group.com\/fr\/","logo":{"@type":"ImageObject","inLanguage":"fr-FR","@id":"https:\/\/volburg-group.com\/fr\/#\/schema\/logo\/image\/","url":"https:\/\/volburg-group.com\/wp-content\/uploads\/2025\/09\/volburg_group_new.png","contentUrl":"https:\/\/volburg-group.com\/wp-content\/uploads\/2025\/09\/volburg_group_new.png","width":374,"height":100,"caption":"Volburg group"},"image":{"@id":"https:\/\/volburg-group.com\/fr\/#\/schema\/logo\/image\/"}}]}},"_links":{"self":[{"href":"https:\/\/volburg-group.com\/fr\/wp-json\/wp\/v2\/pages\/1304","targetHints":{"allow":["GET"]}}],"collection":[{"href":"https:\/\/volburg-group.com\/fr\/wp-json\/wp\/v2\/pages"}],"about":[{"href":"https:\/\/volburg-group.com\/fr\/wp-json\/wp\/v2\/types\/page"}],"author":[{"embeddable":true,"href":"https:\/\/volburg-group.com\/fr\/wp-json\/wp\/v2\/users\/2"}],"replies":[{"embeddable":true,"href":"https:\/\/volburg-group.com\/fr\/wp-json\/wp\/v2\/comments?post=1304"}],"version-history":[{"count":10,"href":"https:\/\/volburg-group.com\/fr\/wp-json\/wp\/v2\/pages\/1304\/revisions"}],"predecessor-version":[{"id":2496,"href":"https:\/\/volburg-group.com\/fr\/wp-json\/wp\/v2\/pages\/1304\/revisions\/2496"}],"wp:attachment":[{"href":"https:\/\/volburg-group.com\/fr\/wp-json\/wp\/v2\/media?parent=1304"}],"curies":[{"name":"wp","href":"https:\/\/api.w.org\/{rel}","templated":true}]}}