{"id":1346,"date":"2025-02-12T15:56:32","date_gmt":"2025-02-12T13:56:32","guid":{"rendered":"https:\/\/volburg-group.com\/?page_id=1346"},"modified":"2025-09-30T13:17:58","modified_gmt":"2025-09-30T10:17:58","slug":"elementor-1346","status":"publish","type":"page","link":"https:\/\/volburg-group.com\/fr\/","title":{"rendered":"Accueil"},"content":{"rendered":"\t\t<div data-elementor-type=\"wp-page\" data-elementor-id=\"1346\" class=\"elementor elementor-1346 elementor-111\" data-elementor-post-type=\"page\">\n\t\t\t\t<div class=\"elementor-element elementor-element-39b3102e e-flex e-con-boxed e-con e-parent\" data-id=\"39b3102e\" data-element_type=\"container\" data-e-type=\"container\" data-settings=\"{&quot;background_background&quot;:&quot;classic&quot;}\">\n\t\t\t\t\t<div class=\"e-con-inner\">\n\t\t\t\t<div class=\"elementor-element elementor-element-7135770b elementor-widget__width-initial elementor-widget elementor-widget-heading\" data-id=\"7135770b\" data-element_type=\"widget\" data-e-type=\"widget\" data-widget_type=\"heading.default\">\n\t\t\t\t<div class=\"elementor-widget-container\">\n\t\t\t\t\t<h2 class=\"elementor-heading-title elementor-size-default\">Plateforme tout-en-un internationale pour des solutions de fabrication \u00e9lectronique, offrant la coordination de la production \u00e0 toutes les \u00e9tapes, du concept \u00e0 la livraison finale.<\/h2>\t\t\t\t<\/div>\n\t\t\t\t<\/div>\n\t\t\t\t<div class=\"elementor-element elementor-element-1d79a52f elementor-align-center elementor-widget elementor-widget-button\" data-id=\"1d79a52f\" data-element_type=\"widget\" data-e-type=\"widget\" data-widget_type=\"button.default\">\n\t\t\t\t<div class=\"elementor-widget-container\">\n\t\t\t\t\t\t\t\t\t<div class=\"elementor-button-wrapper\">\n\t\t\t\t\t<a class=\"elementor-button elementor-button-link elementor-size-sm\" href=\"https:\/\/volburg-group.com\/fr\/contacts\/\">\n\t\t\t\t\t\t<span class=\"elementor-button-content-wrapper\">\n\t\t\t\t\t\t\t\t\t<span class=\"elementor-button-text\">Contactez-nous<\/span>\n\t\t\t\t\t<\/span>\n\t\t\t\t\t<\/a>\n\t\t\t\t<\/div>\n\t\t\t\t\t\t\t\t<\/div>\n\t\t\t\t<\/div>\n\t\t\t\t\t<\/div>\n\t\t\t\t<\/div>\n\t\t<div class=\"elementor-element elementor-element-0008e90 e-flex e-con-boxed e-con e-parent\" data-id=\"0008e90\" data-element_type=\"container\" data-e-type=\"container\">\n\t\t\t\t\t<div class=\"e-con-inner\">\n\t\t\t\t\t<\/div>\n\t\t\t\t<\/div>\n\t\t\t\t<\/div>\n\t\t","protected":false},"excerpt":{"rendered":"<p>Plateforme tout-en-un internationale pour des solutions de fabrication \u00e9lectronique, offrant la coordination de la production \u00e0 toutes les \u00e9tapes, du concept \u00e0 la livraison finale. Contactez-nous<\/p>\n","protected":false},"author":2,"featured_media":0,"parent":0,"menu_order":0,"comment_status":"closed","ping_status":"closed","template":"elementor_header_footer","meta":{"footnotes":""},"class_list":["post-1346","page","type-page","status-publish","hentry"],"yoast_head":"<!-- This site is optimized with the Yoast SEO plugin v27.0 - https:\/\/yoast.com\/product\/yoast-seo-wordpress\/ -->\n<title>Accueil - Volburg group site<\/title>\n<meta name=\"robots\" content=\"index, follow, max-snippet:-1, max-image-preview:large, max-video-preview:-1\" \/>\n<link rel=\"canonical\" href=\"https:\/\/volburg-group.com\/fr\/\" \/>\n<meta property=\"og:locale\" content=\"fr_FR\" \/>\n<meta property=\"og:type\" content=\"article\" \/>\n<meta property=\"og:title\" content=\"Accueil - Volburg group site\" \/>\n<meta property=\"og:description\" content=\"Plateforme tout-en-un internationale pour des solutions de fabrication \u00e9lectronique, offrant la coordination de la production \u00e0 toutes les \u00e9tapes, du concept \u00e0 la livraison finale. Contactez-nous\" \/>\n<meta property=\"og:url\" content=\"https:\/\/volburg-group.com\/fr\/\" \/>\n<meta property=\"og:site_name\" content=\"Volburg group site\" \/>\n<meta property=\"article:modified_time\" content=\"2025-09-30T10:17:58+00:00\" \/>\n<meta name=\"twitter:card\" content=\"summary_large_image\" \/>\n<script type=\"application\/ld+json\" class=\"yoast-schema-graph\">{\"@context\":\"https:\/\/schema.org\",\"@graph\":[{\"@type\":\"WebPage\",\"@id\":\"https:\/\/volburg-group.com\/fr\/\",\"url\":\"https:\/\/volburg-group.com\/fr\/\",\"name\":\"Accueil - Volburg group site\",\"isPartOf\":{\"@id\":\"https:\/\/volburg-group.com\/fr\/#website\"},\"datePublished\":\"2025-02-12T13:56:32+00:00\",\"dateModified\":\"2025-09-30T10:17:58+00:00\",\"breadcrumb\":{\"@id\":\"https:\/\/volburg-group.com\/fr\/#breadcrumb\"},\"inLanguage\":\"fr-FR\",\"potentialAction\":[{\"@type\":\"ReadAction\",\"target\":[\"https:\/\/volburg-group.com\/fr\/\"]}]},{\"@type\":\"BreadcrumbList\",\"@id\":\"https:\/\/volburg-group.com\/fr\/#breadcrumb\",\"itemListElement\":[{\"@type\":\"ListItem\",\"position\":1,\"name\":\"Home\",\"item\":\"https:\/\/volburg-group.com\/fr\/elementor-1346\/\"},{\"@type\":\"ListItem\",\"position\":2,\"name\":\"Accueil\"}]},{\"@type\":\"WebSite\",\"@id\":\"https:\/\/volburg-group.com\/fr\/#website\",\"url\":\"https:\/\/volburg-group.com\/fr\/\",\"name\":\"Volburg group site\",\"description\":\"\",\"publisher\":{\"@id\":\"https:\/\/volburg-group.com\/fr\/#organization\"},\"potentialAction\":[{\"@type\":\"SearchAction\",\"target\":{\"@type\":\"EntryPoint\",\"urlTemplate\":\"https:\/\/volburg-group.com\/fr\/?s={search_term_string}\"},\"query-input\":{\"@type\":\"PropertyValueSpecification\",\"valueRequired\":true,\"valueName\":\"search_term_string\"}}],\"inLanguage\":\"fr-FR\"},{\"@type\":\"Organization\",\"@id\":\"https:\/\/volburg-group.com\/fr\/#organization\",\"name\":\"Volburg group\",\"url\":\"https:\/\/volburg-group.com\/fr\/\",\"logo\":{\"@type\":\"ImageObject\",\"inLanguage\":\"fr-FR\",\"@id\":\"https:\/\/volburg-group.com\/fr\/#\/schema\/logo\/image\/\",\"url\":\"https:\/\/volburg-group.com\/wp-content\/uploads\/2025\/09\/volburg_group_new.png\",\"contentUrl\":\"https:\/\/volburg-group.com\/wp-content\/uploads\/2025\/09\/volburg_group_new.png\",\"width\":374,\"height\":100,\"caption\":\"Volburg group\"},\"image\":{\"@id\":\"https:\/\/volburg-group.com\/fr\/#\/schema\/logo\/image\/\"}}]}<\/script>\n<!-- \/ Yoast SEO plugin. -->","yoast_head_json":{"title":"Accueil - Volburg group site","robots":{"index":"index","follow":"follow","max-snippet":"max-snippet:-1","max-image-preview":"max-image-preview:large","max-video-preview":"max-video-preview:-1"},"canonical":"https:\/\/volburg-group.com\/fr\/","og_locale":"fr_FR","og_type":"article","og_title":"Accueil - Volburg group site","og_description":"Plateforme tout-en-un internationale pour des solutions de fabrication \u00e9lectronique, offrant la coordination de la production \u00e0 toutes les \u00e9tapes, du concept \u00e0 la livraison finale. Contactez-nous","og_url":"https:\/\/volburg-group.com\/fr\/","og_site_name":"Volburg group site","article_modified_time":"2025-09-30T10:17:58+00:00","twitter_card":"summary_large_image","schema":{"@context":"https:\/\/schema.org","@graph":[{"@type":"WebPage","@id":"https:\/\/volburg-group.com\/fr\/","url":"https:\/\/volburg-group.com\/fr\/","name":"Accueil - Volburg group site","isPartOf":{"@id":"https:\/\/volburg-group.com\/fr\/#website"},"datePublished":"2025-02-12T13:56:32+00:00","dateModified":"2025-09-30T10:17:58+00:00","breadcrumb":{"@id":"https:\/\/volburg-group.com\/fr\/#breadcrumb"},"inLanguage":"fr-FR","potentialAction":[{"@type":"ReadAction","target":["https:\/\/volburg-group.com\/fr\/"]}]},{"@type":"BreadcrumbList","@id":"https:\/\/volburg-group.com\/fr\/#breadcrumb","itemListElement":[{"@type":"ListItem","position":1,"name":"Home","item":"https:\/\/volburg-group.com\/fr\/elementor-1346\/"},{"@type":"ListItem","position":2,"name":"Accueil"}]},{"@type":"WebSite","@id":"https:\/\/volburg-group.com\/fr\/#website","url":"https:\/\/volburg-group.com\/fr\/","name":"Volburg group site","description":"","publisher":{"@id":"https:\/\/volburg-group.com\/fr\/#organization"},"potentialAction":[{"@type":"SearchAction","target":{"@type":"EntryPoint","urlTemplate":"https:\/\/volburg-group.com\/fr\/?s={search_term_string}"},"query-input":{"@type":"PropertyValueSpecification","valueRequired":true,"valueName":"search_term_string"}}],"inLanguage":"fr-FR"},{"@type":"Organization","@id":"https:\/\/volburg-group.com\/fr\/#organization","name":"Volburg group","url":"https:\/\/volburg-group.com\/fr\/","logo":{"@type":"ImageObject","inLanguage":"fr-FR","@id":"https:\/\/volburg-group.com\/fr\/#\/schema\/logo\/image\/","url":"https:\/\/volburg-group.com\/wp-content\/uploads\/2025\/09\/volburg_group_new.png","contentUrl":"https:\/\/volburg-group.com\/wp-content\/uploads\/2025\/09\/volburg_group_new.png","width":374,"height":100,"caption":"Volburg group"},"image":{"@id":"https:\/\/volburg-group.com\/fr\/#\/schema\/logo\/image\/"}}]}},"_links":{"self":[{"href":"https:\/\/volburg-group.com\/fr\/wp-json\/wp\/v2\/pages\/1346","targetHints":{"allow":["GET"]}}],"collection":[{"href":"https:\/\/volburg-group.com\/fr\/wp-json\/wp\/v2\/pages"}],"about":[{"href":"https:\/\/volburg-group.com\/fr\/wp-json\/wp\/v2\/types\/page"}],"author":[{"embeddable":true,"href":"https:\/\/volburg-group.com\/fr\/wp-json\/wp\/v2\/users\/2"}],"replies":[{"embeddable":true,"href":"https:\/\/volburg-group.com\/fr\/wp-json\/wp\/v2\/comments?post=1346"}],"version-history":[{"count":8,"href":"https:\/\/volburg-group.com\/fr\/wp-json\/wp\/v2\/pages\/1346\/revisions"}],"predecessor-version":[{"id":2245,"href":"https:\/\/volburg-group.com\/fr\/wp-json\/wp\/v2\/pages\/1346\/revisions\/2245"}],"wp:attachment":[{"href":"https:\/\/volburg-group.com\/fr\/wp-json\/wp\/v2\/media?parent=1346"}],"curies":[{"name":"wp","href":"https:\/\/api.w.org\/{rel}","templated":true}]}}