{"id":1367,"date":"2025-02-12T15:56:36","date_gmt":"2025-02-12T13:56:36","guid":{"rendered":"https:\/\/volburg-group.com\/?page_id=1367"},"modified":"2025-10-10T14:04:10","modified_gmt":"2025-10-10T11:04:10","slug":"informazioni-su-di-noi","status":"publish","type":"page","link":"https:\/\/volburg-group.com\/it\/informazioni-su-di-noi\/","title":{"rendered":"Informazioni su di noi"},"content":{"rendered":"\t\t<div data-elementor-type=\"wp-page\" data-elementor-id=\"1367\" class=\"elementor elementor-1367 elementor-150\" data-elementor-post-type=\"page\">\n\t\t\t\t<div class=\"elementor-element elementor-element-24c981f e-con-full e-flex e-con e-parent\" data-id=\"24c981f\" data-element_type=\"container\" data-e-type=\"container\" data-settings=\"{&quot;background_background&quot;:&quot;classic&quot;}\">\n\t\t\t\t<div class=\"elementor-element elementor-element-fcf5128 elementor-widget elementor-widget-heading\" data-id=\"fcf5128\" data-element_type=\"widget\" data-e-type=\"widget\" data-widget_type=\"heading.default\">\n\t\t\t\t<div class=\"elementor-widget-container\">\n\t\t\t\t\t<h1 class=\"elementor-heading-title elementor-size-default\">Chi siamo<\/h1>\t\t\t\t<\/div>\n\t\t\t\t<\/div>\n\t\t\t\t<\/div>\n\t\t<div class=\"elementor-element elementor-element-a200a91 e-flex e-con-boxed e-con e-parent\" data-id=\"a200a91\" data-element_type=\"container\" data-e-type=\"container\">\n\t\t\t\t\t<div class=\"e-con-inner\">\n\t\t\t\t<div class=\"elementor-element elementor-element-02307ad elementor-widget__width-initial elementor-invisible elementor-widget elementor-widget-heading\" data-id=\"02307ad\" data-element_type=\"widget\" data-e-type=\"widget\" data-settings=\"{&quot;_animation&quot;:&quot;fadeIn&quot;}\" data-widget_type=\"heading.default\">\n\t\t\t\t<div class=\"elementor-widget-container\">\n\t\t\t\t\t<h2 class=\"elementor-heading-title elementor-size-default\">Contesto:<\/h2>\t\t\t\t<\/div>\n\t\t\t\t<\/div>\n\t\t\t\t<div class=\"elementor-element elementor-element-fed5a0b elementor-widget__width-initial elementor-widget elementor-widget-text-editor\" data-id=\"fed5a0b\" data-element_type=\"widget\" data-e-type=\"widget\" data-widget_type=\"text-editor.default\">\n\t\t\t\t<div class=\"elementor-widget-container\">\n\t\t\t\t\t\t\t\t\t<p>Quasi 30 anni della mia esperienza professionale sono stati trascorsi nel settore della produzione elettronica su contract, sviluppando processi produttivi efficienti, implementando tecnologie all\u2019avanguardia e know-how riconosciuti a livello mondiale per clienti nazionali e internazionali.<\/p><p>Questo mi ha portato all\u2019idea di offrire ai clienti un servizio unico per coordinare le esigenze di produzione nei servizi di produzione elettronica (EMS), espandendo gradualmente la gamma di servizi nel pacchetto proposto, da EMS a tutto il ciclo di produzione elettronica.<\/p><p>La parola \u201cVOLBURG\u201d nel nome dell&#8217;azienda \u201cVOLBURG group\u201d \u00e8 stata creata da mio padre Viktors Kononovs, che l&#8217;ha inventata nel 1996. Il nome conserva le radici familiari e simboleggia \u201cla citt\u00e0 di Victoria e Olga\u201d. La \u201cV\u201d rappresenta la figlia pi\u00f9 giovane di Viktors, Victoria; \u201cOL\u201d sta per la sua figlia pi\u00f9 grande, Olga; e \u201cburg\u201d indica una citt\u00e0.<\/p><p>Fondatrice di \u201cVOLBURG group\u201d<br \/>Olga Malkiela<\/p>\t\t\t\t\t\t\t\t<\/div>\n\t\t\t\t<\/div>\n\t\t\t\t<div class=\"elementor-element elementor-element-e826dc2 elementor-widget elementor-widget-image\" data-id=\"e826dc2\" data-element_type=\"widget\" data-e-type=\"widget\" data-widget_type=\"image.default\">\n\t\t\t\t<div class=\"elementor-widget-container\">\n\t\t\t\t\t\t\t\t\t\t\t\t\t\t\t<img fetchpriority=\"high\" decoding=\"async\" width=\"400\" height=\"581\" src=\"https:\/\/volburg-group.com\/wp-content\/uploads\/2025\/09\/om_400x581.png\" class=\"attachment-medium_large size-medium_large wp-image-1857\" alt=\"\" srcset=\"https:\/\/volburg-group.com\/wp-content\/uploads\/2025\/09\/om_400x581.png 400w, https:\/\/volburg-group.com\/wp-content\/uploads\/2025\/09\/om_400x581-207x300.png 207w\" sizes=\"(max-width: 400px) 100vw, 400px\" \/>\t\t\t\t\t\t\t\t\t\t\t\t\t\t\t<\/div>\n\t\t\t\t<\/div>\n\t\t\t\t\t<\/div>\n\t\t\t\t<\/div>\n\t\t<div class=\"elementor-element elementor-element-6266873 e-con-full e-flex e-con e-parent\" data-id=\"6266873\" data-element_type=\"container\" data-e-type=\"container\">\n\t\t\t\t<div class=\"elementor-element elementor-element-4d0e026 elementor-widget__width-initial elementor-invisible elementor-widget elementor-widget-heading\" data-id=\"4d0e026\" data-element_type=\"widget\" data-e-type=\"widget\" data-settings=\"{&quot;_animation&quot;:&quot;fadeIn&quot;}\" data-widget_type=\"heading.default\">\n\t\t\t\t<div class=\"elementor-widget-container\">\n\t\t\t\t\t<h2 class=\"elementor-heading-title elementor-size-default\">Nuovo inizio: \u201cVOLBURG group\u201d \u2013 La tua piattaforma All-in-One per il coordinamento internazionale della produzione!<\/h2>\t\t\t\t<\/div>\n\t\t\t\t<\/div>\n\t\t\t\t<\/div>\n\t\t<div class=\"elementor-element elementor-element-d345ae5 e-flex e-con-boxed e-con e-parent\" data-id=\"d345ae5\" data-element_type=\"container\" data-e-type=\"container\">\n\t\t\t\t\t<div class=\"e-con-inner\">\n\t\t\t\t<div class=\"elementor-element elementor-element-68f2de1 elementor-widget__width-initial elementor-invisible elementor-widget elementor-widget-text-editor\" data-id=\"68f2de1\" data-element_type=\"widget\" data-e-type=\"widget\" data-settings=\"{&quot;_animation&quot;:&quot;zoomIn&quot;}\" data-widget_type=\"text-editor.default\">\n\t\t\t\t<div class=\"elementor-widget-container\">\n\t\t\t\t\t\t\t\t\t<p>Con 30 anni di esperienza nei servizi di produzione elettronica (EMS), il \u201cVOLBURG group\u201d ha avviato nel 2024 una nuova iniziativa per consentire ai clienti di beneficiare della combinazione delle capacit\u00e0 produttive di diversi siti manifatturieri in tutto il mondo, gestiti dalla nostra piattaforma.<\/p><p>L\u2019esperienza nei processi tecnologici e una rete di partner in continua espansione ci danno la certezza di poter offrire ai nostri clienti un servizio di subfornitura di alta qualit\u00e0, al 100% in linea con i requisiti relativi al livello di complessit\u00e0 dei PCBA, alle esigenze personalizzate di assemblaggi meccanici, nonch\u00e9 alle richieste di componenti e pezzi di ricambio. La nostra piattaforma fornisce soluzioni con un approccio non convenzionale per coordinare le capacit\u00e0 produttive e i livelli tecnologici di diversi produttori a livello mondiale, garantendo la massima qualit\u00e0 dei prodotti dei nostri clienti. Il \u201cVOLBURG group\u201d rende la rete e la produzione in subappalto trasparenti per i suoi clienti.<\/p>\t\t\t\t\t\t\t\t<\/div>\n\t\t\t\t<\/div>\n\t\t\t\t\t<\/div>\n\t\t\t\t<\/div>\n\t\t<div class=\"elementor-element elementor-element-c10c688 e-flex e-con-boxed e-con e-parent\" data-id=\"c10c688\" data-element_type=\"container\" data-e-type=\"container\">\n\t\t\t\t\t<div class=\"e-con-inner\">\n\t\t<div class=\"elementor-element elementor-element-ffbb7ab e-con-full e-flex e-con e-child\" data-id=\"ffbb7ab\" data-element_type=\"container\" data-e-type=\"container\">\n\t\t\t\t<div class=\"elementor-element elementor-element-69b51aa elementor-widget elementor-widget-heading\" data-id=\"69b51aa\" data-element_type=\"widget\" data-e-type=\"widget\" data-widget_type=\"heading.default\">\n\t\t\t\t<div class=\"elementor-widget-container\">\n\t\t\t\t\t<h2 class=\"elementor-heading-title elementor-size-default\">La nostra missione<\/h2>\t\t\t\t<\/div>\n\t\t\t\t<\/div>\n\t\t\t\t<div class=\"elementor-element elementor-element-3533f74 elementor-widget elementor-widget-text-editor\" data-id=\"3533f74\" data-element_type=\"widget\" data-e-type=\"widget\" data-widget_type=\"text-editor.default\">\n\t\t\t\t<div class=\"elementor-widget-container\">\n\t\t\t\t\t\t\t\t\t<p>Lo scopo di creare il \u201cVOLBURG group\u201d \u00e8 condividere la nostra esperienza e diventare il vostro partner di fiducia, accompagnandovi dalla prima idea del vostro prodotto fino alla consegna finale ai clienti.<\/p><p>La nostra missione \u00e8 supportare le VERE vostre esigenze di produzione con la nostra vasta esperienza nel coordinare efficientemente le fasi di pre-produzione, produzione e post-vendita con produttori affidabili in tutto il mondo.<\/p>\t\t\t\t\t\t\t\t<\/div>\n\t\t\t\t<\/div>\n\t\t\t\t<\/div>\n\t\t<div class=\"elementor-element elementor-element-e9c69f6 e-con-full e-flex elementor-invisible e-con e-child\" data-id=\"e9c69f6\" data-element_type=\"container\" data-e-type=\"container\" data-settings=\"{&quot;background_background&quot;:&quot;classic&quot;,&quot;animation&quot;:&quot;slideInRight&quot;}\">\n\t\t\t\t<\/div>\n\t\t\t\t\t<\/div>\n\t\t\t\t<\/div>\n\t\t<div class=\"elementor-element elementor-element-06cc966 e-flex e-con-boxed e-con e-parent\" data-id=\"06cc966\" data-element_type=\"container\" data-e-type=\"container\">\n\t\t\t\t\t<div class=\"e-con-inner\">\n\t\t<div class=\"elementor-element elementor-element-f2d398b e-con-full e-flex elementor-invisible e-con e-child\" data-id=\"f2d398b\" data-element_type=\"container\" data-e-type=\"container\" data-settings=\"{&quot;background_background&quot;:&quot;classic&quot;,&quot;animation&quot;:&quot;slideInLeft&quot;}\">\n\t\t\t\t<\/div>\n\t\t<div class=\"elementor-element elementor-element-f4879a0 e-con-full e-flex e-con e-child\" data-id=\"f4879a0\" data-element_type=\"container\" data-e-type=\"container\">\n\t\t\t\t<div class=\"elementor-element elementor-element-7faf54f elementor-widget elementor-widget-heading\" data-id=\"7faf54f\" data-element_type=\"widget\" data-e-type=\"widget\" data-widget_type=\"heading.default\">\n\t\t\t\t<div class=\"elementor-widget-container\">\n\t\t\t\t\t<h2 class=\"elementor-heading-title elementor-size-default\">La nostra visione<\/h2>\t\t\t\t<\/div>\n\t\t\t\t<\/div>\n\t\t\t\t<div class=\"elementor-element elementor-element-8b6d440 elementor-widget elementor-widget-text-editor\" data-id=\"8b6d440\" data-element_type=\"widget\" data-e-type=\"widget\" data-widget_type=\"text-editor.default\">\n\t\t\t\t<div class=\"elementor-widget-container\">\n\t\t\t\t\t\t\t\t\t<p>Nel \u201cVOLBURG group\u201d, i nostri clienti sono le menti creative dietro prodotti elettronici innovativi. In un mercato in rapido cambiamento, li supportiamo in ogni fase, trasformando le idee in produzioni seriali scalabili, garantendo al contempo la protezione della propriet\u00e0 intellettuale.<\/p><p>Nel \u201cVOLBURG group\u201d, puntiamo a rimanere aggiornati con le ultime innovazioni nel settore dell\u2019elettronica e della produzione, concentrandoci sulla crescita collaborativa e sullo sviluppo continuo insieme ai nostri clienti.<\/p>\t\t\t\t\t\t\t\t<\/div>\n\t\t\t\t<\/div>\n\t\t\t\t<\/div>\n\t\t\t\t\t<\/div>\n\t\t\t\t<\/div>\n\t\t<div class=\"elementor-element elementor-element-f50a281 e-flex e-con-boxed e-con e-parent\" data-id=\"f50a281\" data-element_type=\"container\" data-e-type=\"container\">\n\t\t\t\t\t<div class=\"e-con-inner\">\n\t\t<div class=\"elementor-element elementor-element-7ba44f2 e-con-full e-flex e-con e-child\" data-id=\"7ba44f2\" data-element_type=\"container\" data-e-type=\"container\">\n\t\t\t\t<div class=\"elementor-element elementor-element-e30274d elementor-widget elementor-widget-heading\" data-id=\"e30274d\" data-element_type=\"widget\" data-e-type=\"widget\" data-widget_type=\"heading.default\">\n\t\t\t\t<div class=\"elementor-widget-container\">\n\t\t\t\t\t<h2 class=\"elementor-heading-title elementor-size-default\">Valori fondamentali<\/h2>\t\t\t\t<\/div>\n\t\t\t\t<\/div>\n\t\t\t\t<div class=\"elementor-element elementor-element-6c6835e elementor-widget elementor-widget-text-editor\" data-id=\"6c6835e\" data-element_type=\"widget\" data-e-type=\"widget\" data-widget_type=\"text-editor.default\">\n\t\t\t\t<div class=\"elementor-widget-container\">\n\t\t\t\t\t\t\t\t\t<p>La collaborazione e la fiducia iniziano dall&#8217;idea del cliente.<\/p><p>Nuove opportunit\u00e0 di produzione e soluzioni innovative guidano il nostro livello di servizio.<\/p><p>Flessibilit\u00e0 e l&#8217;impegno a migliorare i nostri servizi per soddisfare le esigenze dei clienti ci rendono un partner attraente.<\/p><p>La nostra costante ricerca di opportunit\u00e0 di miglioramento e crescita infonde fiducia nei nostri clienti.<\/p>\t\t\t\t\t\t\t\t<\/div>\n\t\t\t\t<\/div>\n\t\t\t\t<\/div>\n\t\t<div class=\"elementor-element elementor-element-698c31c e-con-full e-flex elementor-invisible e-con e-child\" data-id=\"698c31c\" data-element_type=\"container\" data-e-type=\"container\" data-settings=\"{&quot;background_background&quot;:&quot;classic&quot;,&quot;animation&quot;:&quot;slideInRight&quot;}\">\n\t\t\t\t<\/div>\n\t\t\t\t\t<\/div>\n\t\t\t\t<\/div>\n\t\t<div class=\"elementor-element elementor-element-3d1d6ba e-flex e-con-boxed e-con e-parent\" data-id=\"3d1d6ba\" data-element_type=\"container\" data-e-type=\"container\">\n\t\t\t\t\t<div class=\"e-con-inner\">\n\t\t<div class=\"elementor-element elementor-element-9012c02 e-flex e-con-boxed e-con e-child\" data-id=\"9012c02\" data-element_type=\"container\" data-e-type=\"container\" data-settings=\"{&quot;background_background&quot;:&quot;classic&quot;}\">\n\t\t\t\t\t<div class=\"e-con-inner\">\n\t\t\t\t<div class=\"elementor-element elementor-element-080a694 elementor-widget elementor-widget-heading\" data-id=\"080a694\" data-element_type=\"widget\" data-e-type=\"widget\" data-widget_type=\"heading.default\">\n\t\t\t\t<div class=\"elementor-widget-container\">\n\t\t\t\t\t<h2 class=\"elementor-heading-title elementor-size-default\">I nostri clienti<\/h2>\t\t\t\t<\/div>\n\t\t\t\t<\/div>\n\t\t\t\t<div class=\"elementor-element elementor-element-da4a908 elementor-widget__width-initial elementor-widget elementor-widget-text-editor\" data-id=\"da4a908\" data-element_type=\"widget\" data-e-type=\"widget\" data-widget_type=\"text-editor.default\">\n\t\t\t\t<div class=\"elementor-widget-container\">\n\t\t\t\t\t\t\t\t\t<p>Serviamo clienti in tutto il mondo analizzando attentamente le loro esigenze e mettendoli in contatto con i produttori pi\u00f9 adatti ai requisiti del loro progetto.<\/p><p>La nostra rete estesa ci permette di selezionare partner basandoci sulle capacit\u00e0 rilevanti, sulle referenze di produzione comprovate e sulle posizioni strategiche \u2014 garantendo soluzioni di produzione ottimali per ogni progetto unico.<\/p><p>Con il nostro supporto dedicato, i nostri clienti beneficiano di un processo di produzione pi\u00f9 snello, di un time-to-market pi\u00f9 rapido e di costi di produzione ridotti \u2014 trasformando idee innovative in prodotti affidabili e sostenendo il loro successo anche nelle aree di applicazione pi\u00f9 esigenti.<\/p>\t\t\t\t\t\t\t\t<\/div>\n\t\t\t\t<\/div>\n\t\t\t\t\t<\/div>\n\t\t\t\t<\/div>\n\t\t\t\t\t<\/div>\n\t\t\t\t<\/div>\n\t\t\t\t<\/div>\n\t\t","protected":false},"excerpt":{"rendered":"<p>Chi siamo Contesto: Quasi 30 anni della mia esperienza professionale sono stati trascorsi nel settore della produzione elettronica su contract, sviluppando processi produttivi efficienti, implementando tecnologie all\u2019avanguardia e know-how riconosciuti a livello mondiale per clienti nazionali e internazionali. Questo mi ha portato all\u2019idea di offrire ai clienti un servizio unico per coordinare le esigenze di [&hellip;]<\/p>\n","protected":false},"author":2,"featured_media":0,"parent":0,"menu_order":0,"comment_status":"closed","ping_status":"closed","template":"elementor_header_footer","meta":{"footnotes":""},"class_list":["post-1367","page","type-page","status-publish","hentry"],"yoast_head":"<!-- This site is optimized with the Yoast SEO plugin v27.0 - https:\/\/yoast.com\/product\/yoast-seo-wordpress\/ -->\n<title>Informazioni su di noi - Volburg group site<\/title>\n<meta name=\"robots\" content=\"index, follow, max-snippet:-1, max-image-preview:large, max-video-preview:-1\" \/>\n<link rel=\"canonical\" href=\"https:\/\/volburg-group.com\/it\/informazioni-su-di-noi\/\" \/>\n<meta property=\"og:locale\" content=\"it_IT\" \/>\n<meta property=\"og:type\" content=\"article\" \/>\n<meta property=\"og:title\" content=\"Informazioni su di noi - Volburg group site\" \/>\n<meta property=\"og:description\" content=\"Chi siamo Contesto: Quasi 30 anni della mia esperienza professionale sono stati trascorsi nel settore della produzione elettronica su contract, sviluppando processi produttivi efficienti, implementando tecnologie all\u2019avanguardia e know-how riconosciuti a livello mondiale per clienti nazionali e internazionali. Questo mi ha portato all\u2019idea di offrire ai clienti un servizio unico per coordinare le esigenze di [&hellip;]\" \/>\n<meta property=\"og:url\" content=\"https:\/\/volburg-group.com\/it\/informazioni-su-di-noi\/\" \/>\n<meta property=\"og:site_name\" content=\"Volburg group site\" \/>\n<meta property=\"article:modified_time\" content=\"2025-10-10T11:04:10+00:00\" \/>\n<meta property=\"og:image\" content=\"https:\/\/volburg-group.com\/wp-content\/uploads\/2025\/09\/om_400x581.png\" \/>\n\t<meta property=\"og:image:width\" content=\"400\" \/>\n\t<meta property=\"og:image:height\" content=\"581\" \/>\n\t<meta property=\"og:image:type\" content=\"image\/png\" \/>\n<meta name=\"twitter:card\" content=\"summary_large_image\" \/>\n<meta name=\"twitter:label1\" content=\"Tempo di lettura stimato\" \/>\n\t<meta name=\"twitter:data1\" content=\"3 minuti\" \/>\n<script type=\"application\/ld+json\" class=\"yoast-schema-graph\">{\"@context\":\"https:\/\/schema.org\",\"@graph\":[{\"@type\":\"WebPage\",\"@id\":\"https:\/\/volburg-group.com\/it\/informazioni-su-di-noi\/\",\"url\":\"https:\/\/volburg-group.com\/it\/informazioni-su-di-noi\/\",\"name\":\"Informazioni su di noi - Volburg group site\",\"isPartOf\":{\"@id\":\"https:\/\/volburg-group.com\/it\/#website\"},\"primaryImageOfPage\":{\"@id\":\"https:\/\/volburg-group.com\/it\/informazioni-su-di-noi\/#primaryimage\"},\"image\":{\"@id\":\"https:\/\/volburg-group.com\/it\/informazioni-su-di-noi\/#primaryimage\"},\"thumbnailUrl\":\"https:\/\/volburg-group.com\/wp-content\/uploads\/2025\/09\/om_400x581.png\",\"datePublished\":\"2025-02-12T13:56:36+00:00\",\"dateModified\":\"2025-10-10T11:04:10+00:00\",\"breadcrumb\":{\"@id\":\"https:\/\/volburg-group.com\/it\/informazioni-su-di-noi\/#breadcrumb\"},\"inLanguage\":\"it-IT\",\"potentialAction\":[{\"@type\":\"ReadAction\",\"target\":[\"https:\/\/volburg-group.com\/it\/informazioni-su-di-noi\/\"]}]},{\"@type\":\"ImageObject\",\"inLanguage\":\"it-IT\",\"@id\":\"https:\/\/volburg-group.com\/it\/informazioni-su-di-noi\/#primaryimage\",\"url\":\"https:\/\/volburg-group.com\/wp-content\/uploads\/2025\/09\/om_400x581.png\",\"contentUrl\":\"https:\/\/volburg-group.com\/wp-content\/uploads\/2025\/09\/om_400x581.png\"},{\"@type\":\"BreadcrumbList\",\"@id\":\"https:\/\/volburg-group.com\/it\/informazioni-su-di-noi\/#breadcrumb\",\"itemListElement\":[{\"@type\":\"ListItem\",\"position\":1,\"name\":\"Home\",\"item\":\"https:\/\/volburg-group.com\/it\/home\/\"},{\"@type\":\"ListItem\",\"position\":2,\"name\":\"Informazioni su di noi\"}]},{\"@type\":\"WebSite\",\"@id\":\"https:\/\/volburg-group.com\/it\/#website\",\"url\":\"https:\/\/volburg-group.com\/it\/\",\"name\":\"Volburg group site\",\"description\":\"\",\"publisher\":{\"@id\":\"https:\/\/volburg-group.com\/it\/#organization\"},\"potentialAction\":[{\"@type\":\"SearchAction\",\"target\":{\"@type\":\"EntryPoint\",\"urlTemplate\":\"https:\/\/volburg-group.com\/it\/?s={search_term_string}\"},\"query-input\":{\"@type\":\"PropertyValueSpecification\",\"valueRequired\":true,\"valueName\":\"search_term_string\"}}],\"inLanguage\":\"it-IT\"},{\"@type\":\"Organization\",\"@id\":\"https:\/\/volburg-group.com\/it\/#organization\",\"name\":\"Volburg group\",\"url\":\"https:\/\/volburg-group.com\/it\/\",\"logo\":{\"@type\":\"ImageObject\",\"inLanguage\":\"it-IT\",\"@id\":\"https:\/\/volburg-group.com\/it\/#\/schema\/logo\/image\/\",\"url\":\"https:\/\/volburg-group.com\/wp-content\/uploads\/2025\/09\/volburg_group_new.png\",\"contentUrl\":\"https:\/\/volburg-group.com\/wp-content\/uploads\/2025\/09\/volburg_group_new.png\",\"width\":374,\"height\":100,\"caption\":\"Volburg group\"},\"image\":{\"@id\":\"https:\/\/volburg-group.com\/it\/#\/schema\/logo\/image\/\"}}]}<\/script>\n<!-- \/ Yoast SEO plugin. -->","yoast_head_json":{"title":"Informazioni su di noi - Volburg group site","robots":{"index":"index","follow":"follow","max-snippet":"max-snippet:-1","max-image-preview":"max-image-preview:large","max-video-preview":"max-video-preview:-1"},"canonical":"https:\/\/volburg-group.com\/it\/informazioni-su-di-noi\/","og_locale":"it_IT","og_type":"article","og_title":"Informazioni su di noi - Volburg group site","og_description":"Chi siamo Contesto: Quasi 30 anni della mia esperienza professionale sono stati trascorsi nel settore della produzione elettronica su contract, sviluppando processi produttivi efficienti, implementando tecnologie all\u2019avanguardia e know-how riconosciuti a livello mondiale per clienti nazionali e internazionali. Questo mi ha portato all\u2019idea di offrire ai clienti un servizio unico per coordinare le esigenze di [&hellip;]","og_url":"https:\/\/volburg-group.com\/it\/informazioni-su-di-noi\/","og_site_name":"Volburg group site","article_modified_time":"2025-10-10T11:04:10+00:00","og_image":[{"width":400,"height":581,"url":"https:\/\/volburg-group.com\/wp-content\/uploads\/2025\/09\/om_400x581.png","type":"image\/png"}],"twitter_card":"summary_large_image","twitter_misc":{"Tempo di lettura stimato":"3 minuti"},"schema":{"@context":"https:\/\/schema.org","@graph":[{"@type":"WebPage","@id":"https:\/\/volburg-group.com\/it\/informazioni-su-di-noi\/","url":"https:\/\/volburg-group.com\/it\/informazioni-su-di-noi\/","name":"Informazioni su di noi - Volburg group site","isPartOf":{"@id":"https:\/\/volburg-group.com\/it\/#website"},"primaryImageOfPage":{"@id":"https:\/\/volburg-group.com\/it\/informazioni-su-di-noi\/#primaryimage"},"image":{"@id":"https:\/\/volburg-group.com\/it\/informazioni-su-di-noi\/#primaryimage"},"thumbnailUrl":"https:\/\/volburg-group.com\/wp-content\/uploads\/2025\/09\/om_400x581.png","datePublished":"2025-02-12T13:56:36+00:00","dateModified":"2025-10-10T11:04:10+00:00","breadcrumb":{"@id":"https:\/\/volburg-group.com\/it\/informazioni-su-di-noi\/#breadcrumb"},"inLanguage":"it-IT","potentialAction":[{"@type":"ReadAction","target":["https:\/\/volburg-group.com\/it\/informazioni-su-di-noi\/"]}]},{"@type":"ImageObject","inLanguage":"it-IT","@id":"https:\/\/volburg-group.com\/it\/informazioni-su-di-noi\/#primaryimage","url":"https:\/\/volburg-group.com\/wp-content\/uploads\/2025\/09\/om_400x581.png","contentUrl":"https:\/\/volburg-group.com\/wp-content\/uploads\/2025\/09\/om_400x581.png"},{"@type":"BreadcrumbList","@id":"https:\/\/volburg-group.com\/it\/informazioni-su-di-noi\/#breadcrumb","itemListElement":[{"@type":"ListItem","position":1,"name":"Home","item":"https:\/\/volburg-group.com\/it\/home\/"},{"@type":"ListItem","position":2,"name":"Informazioni su di noi"}]},{"@type":"WebSite","@id":"https:\/\/volburg-group.com\/it\/#website","url":"https:\/\/volburg-group.com\/it\/","name":"Volburg group site","description":"","publisher":{"@id":"https:\/\/volburg-group.com\/it\/#organization"},"potentialAction":[{"@type":"SearchAction","target":{"@type":"EntryPoint","urlTemplate":"https:\/\/volburg-group.com\/it\/?s={search_term_string}"},"query-input":{"@type":"PropertyValueSpecification","valueRequired":true,"valueName":"search_term_string"}}],"inLanguage":"it-IT"},{"@type":"Organization","@id":"https:\/\/volburg-group.com\/it\/#organization","name":"Volburg group","url":"https:\/\/volburg-group.com\/it\/","logo":{"@type":"ImageObject","inLanguage":"it-IT","@id":"https:\/\/volburg-group.com\/it\/#\/schema\/logo\/image\/","url":"https:\/\/volburg-group.com\/wp-content\/uploads\/2025\/09\/volburg_group_new.png","contentUrl":"https:\/\/volburg-group.com\/wp-content\/uploads\/2025\/09\/volburg_group_new.png","width":374,"height":100,"caption":"Volburg group"},"image":{"@id":"https:\/\/volburg-group.com\/it\/#\/schema\/logo\/image\/"}}]}},"_links":{"self":[{"href":"https:\/\/volburg-group.com\/it\/wp-json\/wp\/v2\/pages\/1367","targetHints":{"allow":["GET"]}}],"collection":[{"href":"https:\/\/volburg-group.com\/it\/wp-json\/wp\/v2\/pages"}],"about":[{"href":"https:\/\/volburg-group.com\/it\/wp-json\/wp\/v2\/types\/page"}],"author":[{"embeddable":true,"href":"https:\/\/volburg-group.com\/it\/wp-json\/wp\/v2\/users\/2"}],"replies":[{"embeddable":true,"href":"https:\/\/volburg-group.com\/it\/wp-json\/wp\/v2\/comments?post=1367"}],"version-history":[{"count":10,"href":"https:\/\/volburg-group.com\/it\/wp-json\/wp\/v2\/pages\/1367\/revisions"}],"predecessor-version":[{"id":2502,"href":"https:\/\/volburg-group.com\/it\/wp-json\/wp\/v2\/pages\/1367\/revisions\/2502"}],"wp:attachment":[{"href":"https:\/\/volburg-group.com\/it\/wp-json\/wp\/v2\/media?parent=1367"}],"curies":[{"name":"wp","href":"https:\/\/api.w.org\/{rel}","templated":true}]}}