{"id":1373,"date":"2025-02-12T16:21:56","date_gmt":"2025-02-12T14:21:56","guid":{"rendered":"https:\/\/volburg-group.com\/?page_id=1373"},"modified":"2025-10-01T12:49:33","modified_gmt":"2025-10-01T09:49:33","slug":"settori-industriali","status":"publish","type":"page","link":"https:\/\/volburg-group.com\/it\/settori-industriali\/","title":{"rendered":"Settori industriali"},"content":{"rendered":"\t\t<div data-elementor-type=\"wp-page\" data-elementor-id=\"1373\" class=\"elementor elementor-1373 elementor-239\" data-elementor-post-type=\"page\">\n\t\t\t\t<div class=\"elementor-element elementor-element-436da5c e-con-full e-flex e-con e-parent\" data-id=\"436da5c\" data-element_type=\"container\" data-e-type=\"container\">\n\t\t<div class=\"elementor-element elementor-element-2691acd e-con-full e-flex e-con e-child\" data-id=\"2691acd\" data-element_type=\"container\" data-e-type=\"container\">\n\t\t\t\t<div class=\"elementor-element elementor-element-fc48ab3 elementor-widget elementor-widget-heading\" data-id=\"fc48ab3\" data-element_type=\"widget\" data-e-type=\"widget\" data-widget_type=\"heading.default\">\n\t\t\t\t<div class=\"elementor-widget-container\">\n\t\t\t\t\t<h1 class=\"elementor-heading-title elementor-size-default\">Secteurs d'activit\u00e9<\/h1>\t\t\t\t<\/div>\n\t\t\t\t<\/div>\n\t\t\t\t<div class=\"elementor-element elementor-element-0649c3b elementor-widget__width-initial elementor-widget elementor-widget-text-editor\" data-id=\"0649c3b\" data-element_type=\"widget\" data-e-type=\"widget\" data-widget_type=\"text-editor.default\">\n\t\t\t\t<div class=\"elementor-widget-container\">\n\t\t\t\t\t\t\t\t\t<p>Notre expertise couvre plusieurs industries, aidant les entreprises \u00e0 concr\u00e9tiser leurs innovations.<\/p><p>\u00a0<\/p>\t\t\t\t\t\t\t\t<\/div>\n\t\t\t\t<\/div>\n\t\t\t\t<\/div>\n\t\t\t\t<\/div>\n\t\t<div class=\"elementor-element elementor-element-56636aa e-flex e-con-boxed e-con e-parent\" data-id=\"56636aa\" data-element_type=\"container\" data-e-type=\"container\">\n\t\t\t\t\t<div class=\"e-con-inner\">\n\t\t\t\t<div class=\"elementor-element elementor-element-37a12c6 elementor-widget__width-initial elementor-widget elementor-widget-text-editor\" data-id=\"37a12c6\" data-element_type=\"widget\" data-e-type=\"widget\" data-widget_type=\"text-editor.default\">\n\t\t\t\t<div class=\"elementor-widget-container\">\n\t\t\t\t\t\t\t\t\t<p>Forniamo coordinamento della produzione nei seguenti campi:<br \/>\u2013 Elettronica per OEM di attrezzature industriali;<br \/>\u2013 Robotica;<br \/>\u2013 Controllo, monitoraggio e reporting della smart manufacturing;<br \/>\u2013 Sistemi di controllo del perimetro e degli edifici;<br \/>\u2013 Attrezzature mediche e sistemi di monitoraggio;<br \/>\u2013 Elettronica per inverter solari, accumulo di energia e soluzioni per reti intelligenti;<br \/>\u2013 Soluzioni elettroniche per sistemi di sorveglianza, controllo degli accessi, rilevamento incendio, sistemi di allarme, identificazione biometrica e soluzioni di sicurezza intelligente per applicazioni residenziali, commerciali e industriali;<br \/>\u2013 Elettronica per la misurazione, il controllo e il tracciamento di temperatura, umidit\u00e0, pressione e radiazioni, ecc.<\/p><p>Presso \u201cVOLBURG group\u201d, la nostra vasta esperienza supporta un ampio spettro di industrie, permettendo alle aziende di trasformare le loro innovazioni in prodotti affidabili e di alta qualit\u00e0. Offriamo soluzioni di coordinamento e produzione end-to-end, progettate per soddisfare gli elevati standard della tecnologia moderna.<br \/>Con un focus sulla qualit\u00e0, efficienza e innovazione, \u201cVOLBURG group\u201d \u00e8 il vostro partner di fiducia per trasformare i concetti di design in prodotti elettronici affidabili, pronti per il mercato, in diversi settori industriali.<\/p>\t\t\t\t\t\t\t\t<\/div>\n\t\t\t\t<\/div>\n\t\t\t\t\t<\/div>\n\t\t\t\t<\/div>\n\t\t<div class=\"elementor-element elementor-element-bed3c63 e-flex e-con-boxed e-con e-parent\" data-id=\"bed3c63\" data-element_type=\"container\" data-e-type=\"container\">\n\t\t\t\t\t<div class=\"e-con-inner\">\n\t\t\t\t<div class=\"elementor-element elementor-element-5005fec elementor-arrows-position-outside elementor-pagination-position-outside elementor-widget elementor-widget-image-carousel\" data-id=\"5005fec\" data-element_type=\"widget\" data-e-type=\"widget\" data-settings=\"{&quot;slides_to_show&quot;:&quot;6&quot;,&quot;autoplay_speed&quot;:1000,&quot;image_spacing_custom&quot;:{&quot;unit&quot;:&quot;px&quot;,&quot;size&quot;:10,&quot;sizes&quot;:[]},&quot;navigation&quot;:&quot;both&quot;,&quot;autoplay&quot;:&quot;yes&quot;,&quot;pause_on_hover&quot;:&quot;yes&quot;,&quot;pause_on_interaction&quot;:&quot;yes&quot;,&quot;infinite&quot;:&quot;yes&quot;,&quot;speed&quot;:500,&quot;image_spacing_custom_tablet&quot;:{&quot;unit&quot;:&quot;px&quot;,&quot;size&quot;:&quot;&quot;,&quot;sizes&quot;:[]},&quot;image_spacing_custom_mobile&quot;:{&quot;unit&quot;:&quot;px&quot;,&quot;size&quot;:&quot;&quot;,&quot;sizes&quot;:[]}}\" data-widget_type=\"image-carousel.default\">\n\t\t\t\t<div class=\"elementor-widget-container\">\n\t\t\t\t\t\t\t<div class=\"elementor-image-carousel-wrapper swiper\" role=\"region\" aria-roledescription=\"carousel\" aria-label=\"Image Carousel\" dir=\"ltr\">\n\t\t\t<div class=\"elementor-image-carousel swiper-wrapper\" aria-live=\"off\">\n\t\t\t\t\t\t\t\t<div class=\"swiper-slide\" role=\"group\" aria-roledescription=\"slide\" aria-label=\"1 di 7\"><figure class=\"swiper-slide-inner\"><img decoding=\"async\" class=\"swiper-slide-image\" src=\"https:\/\/volburg-group.com\/wp-content\/uploads\/elementor\/thumbs\/Automation_500x457-r2zbfxy4m5t1qx0cp35fk2y2orfszrih1ad5jbmlac.jpg\" alt=\"Electrical panel, electric meter and circuit breakers. Electric frequency converter, motor speed controller, rework station.\" \/><\/figure><\/div><div class=\"swiper-slide\" role=\"group\" aria-roledescription=\"slide\" aria-label=\"2 di 7\"><figure class=\"swiper-slide-inner\"><img decoding=\"async\" class=\"swiper-slide-image\" src=\"https:\/\/volburg-group.com\/wp-content\/uploads\/elementor\/thumbs\/portrait-businesswoman-owner-scaled-r34mrggirealssieg94fw1hydzrapegtbbg7m3fwas.jpg\" alt=\"portrait-businesswoman-owner\" \/><\/figure><\/div><div class=\"swiper-slide\" role=\"group\" aria-roledescription=\"slide\" aria-label=\"3 di 7\"><figure class=\"swiper-slide-inner\"><img decoding=\"async\" class=\"swiper-slide-image\" src=\"https:\/\/volburg-group.com\/wp-content\/uploads\/elementor\/thumbs\/Front_Panel-r2zlpdgkp1j2tme2h9xs1cuzpkk7974m5su8rdv9s4.jpg\" alt=\"Front_Panel\" \/><\/figure><\/div><div class=\"swiper-slide\" role=\"group\" aria-roledescription=\"slide\" aria-label=\"4 di 7\"><figure class=\"swiper-slide-inner\"><img decoding=\"async\" class=\"swiper-slide-image\" src=\"https:\/\/volburg-group.com\/wp-content\/uploads\/elementor\/thumbs\/Renewable_Energy-r2zlswcsbocscz9qwasevyu7wl6r4c4dn8wsjqn4g4.jpg\" alt=\"Renewable_Energy\" \/><\/figure><\/div><div class=\"swiper-slide\" role=\"group\" aria-roledescription=\"slide\" aria-label=\"5 di 7\"><figure class=\"swiper-slide-inner\"><img decoding=\"async\" class=\"swiper-slide-image\" src=\"https:\/\/volburg-group.com\/wp-content\/uploads\/elementor\/thumbs\/fingerprint-access-control-r2zmemei9u3cojps1ou0ihhq56450id1yrortyfkn8.jpg\" alt=\"Scanning finger on a coronavirus contaminated fingerprint access control\" \/><\/figure><\/div><div class=\"swiper-slide\" role=\"group\" aria-roledescription=\"slide\" aria-label=\"6 di 7\"><figure class=\"swiper-slide-inner\"><img decoding=\"async\" class=\"swiper-slide-image\" src=\"https:\/\/volburg-group.com\/wp-content\/uploads\/elementor\/thumbs\/hands-holding-electrical-thermometer-r2zm9eesayy06jaujfkmnsxjc3uq91mqkx7num6b7o.jpg\" alt=\"hands-holding-electrical-thermometer\" \/><\/figure><\/div><div class=\"swiper-slide\" role=\"group\" aria-roledescription=\"slide\" aria-label=\"7 di 7\"><figure class=\"swiper-slide-inner\"><img decoding=\"async\" class=\"swiper-slide-image\" src=\"https:\/\/volburg-group.com\/wp-content\/uploads\/elementor\/thumbs\/Drone_Assembling-r311qtka9m4yyh3qv30tolkr0mksvkl12i5n5c3878.jpg\" alt=\"Man in protective glasses attaching action camera to quadcopter drone on table  with different tools in modern workshop\" \/><\/figure><\/div>\t\t\t<\/div>\n\t\t\t\t\t\t\t\t\t\t\t\t<div class=\"elementor-swiper-button elementor-swiper-button-prev\" role=\"button\" tabindex=\"0\">\n\t\t\t\t\t\t<svg aria-hidden=\"true\" class=\"e-font-icon-svg e-eicon-chevron-left\" viewBox=\"0 0 1000 1000\" xmlns=\"http:\/\/www.w3.org\/2000\/svg\"><path d=\"M646 125C629 125 613 133 604 142L308 442C296 454 292 471 292 487 292 504 296 521 308 533L604 854C617 867 629 875 646 875 663 875 679 871 692 858 704 846 713 829 713 812 713 796 708 779 692 767L438 487 692 225C700 217 708 204 708 187 708 171 704 154 692 142 675 129 663 125 646 125Z\"><\/path><\/svg>\t\t\t\t\t<\/div>\n\t\t\t\t\t<div class=\"elementor-swiper-button elementor-swiper-button-next\" role=\"button\" tabindex=\"0\">\n\t\t\t\t\t\t<svg aria-hidden=\"true\" class=\"e-font-icon-svg e-eicon-chevron-right\" viewBox=\"0 0 1000 1000\" xmlns=\"http:\/\/www.w3.org\/2000\/svg\"><path d=\"M696 533C708 521 713 504 713 487 713 471 708 454 696 446L400 146C388 133 375 125 354 125 338 125 325 129 313 142 300 154 292 171 292 187 292 204 296 221 308 233L563 492 304 771C292 783 288 800 288 817 288 833 296 850 308 863 321 871 338 875 354 875 371 875 388 867 400 854L696 533Z\"><\/path><\/svg>\t\t\t\t\t<\/div>\n\t\t\t\t\n\t\t\t\t\t\t\t\t\t<div class=\"swiper-pagination\"><\/div>\n\t\t\t\t\t\t\t\t\t<\/div>\n\t\t\t\t\t\t<\/div>\n\t\t\t\t<\/div>\n\t\t\t\t\t<\/div>\n\t\t\t\t<\/div>\n\t\t\t\t<\/div>\n\t\t","protected":false},"excerpt":{"rendered":"<p>Secteurs d&#8217;activit\u00e9 Notre expertise couvre plusieurs industries, aidant les entreprises \u00e0 concr\u00e9tiser leurs innovations. \u00a0 Forniamo coordinamento della produzione nei seguenti campi:\u2013 Elettronica per OEM di attrezzature industriali;\u2013 Robotica;\u2013 Controllo, monitoraggio e reporting della smart manufacturing;\u2013 Sistemi di controllo del perimetro e degli edifici;\u2013 Attrezzature mediche e sistemi di monitoraggio;\u2013 Elettronica per inverter solari, accumulo [&hellip;]<\/p>\n","protected":false},"author":2,"featured_media":0,"parent":0,"menu_order":0,"comment_status":"closed","ping_status":"closed","template":"elementor_header_footer","meta":{"footnotes":""},"class_list":["post-1373","page","type-page","status-publish","hentry"],"yoast_head":"<!-- This site is optimized with the Yoast SEO plugin v27.0 - https:\/\/yoast.com\/product\/yoast-seo-wordpress\/ -->\n<title>Settori industriali - Volburg group site<\/title>\n<meta name=\"robots\" content=\"index, follow, max-snippet:-1, max-image-preview:large, max-video-preview:-1\" \/>\n<link rel=\"canonical\" href=\"https:\/\/volburg-group.com\/it\/settori-industriali\/\" \/>\n<meta property=\"og:locale\" content=\"it_IT\" \/>\n<meta property=\"og:type\" content=\"article\" \/>\n<meta property=\"og:title\" content=\"Settori industriali - Volburg group site\" \/>\n<meta property=\"og:description\" content=\"Secteurs d&#8217;activit\u00e9 Notre expertise couvre plusieurs industries, aidant les entreprises \u00e0 concr\u00e9tiser leurs innovations. \u00a0 Forniamo coordinamento della produzione nei seguenti campi:\u2013 Elettronica per OEM di attrezzature industriali;\u2013 Robotica;\u2013 Controllo, monitoraggio e reporting della smart manufacturing;\u2013 Sistemi di controllo del perimetro e degli edifici;\u2013 Attrezzature mediche e sistemi di monitoraggio;\u2013 Elettronica per inverter solari, accumulo [&hellip;]\" \/>\n<meta property=\"og:url\" content=\"https:\/\/volburg-group.com\/it\/settori-industriali\/\" \/>\n<meta property=\"og:site_name\" content=\"Volburg group site\" \/>\n<meta property=\"article:modified_time\" content=\"2025-10-01T09:49:33+00:00\" \/>\n<meta property=\"og:image\" content=\"https:\/\/volburg-group.com\/wp-content\/uploads\/elementor\/thumbs\/Automation_500x457-r2zbfxy4m5t1qx0cp35fk2y2orfszrih1ad5jbmlac.jpg\" \/>\n<meta name=\"twitter:card\" content=\"summary_large_image\" \/>\n<meta name=\"twitter:label1\" content=\"Tempo di lettura stimato\" \/>\n\t<meta name=\"twitter:data1\" content=\"1 minuto\" \/>\n<script type=\"application\/ld+json\" class=\"yoast-schema-graph\">{\"@context\":\"https:\/\/schema.org\",\"@graph\":[{\"@type\":\"WebPage\",\"@id\":\"https:\/\/volburg-group.com\/it\/settori-industriali\/\",\"url\":\"https:\/\/volburg-group.com\/it\/settori-industriali\/\",\"name\":\"Settori industriali - Volburg group site\",\"isPartOf\":{\"@id\":\"https:\/\/volburg-group.com\/it\/#website\"},\"primaryImageOfPage\":{\"@id\":\"https:\/\/volburg-group.com\/it\/settori-industriali\/#primaryimage\"},\"image\":{\"@id\":\"https:\/\/volburg-group.com\/it\/settori-industriali\/#primaryimage\"},\"thumbnailUrl\":\"https:\/\/volburg-group.com\/wp-content\/uploads\/elementor\/thumbs\/Automation_500x457-r2zbfxy4m5t1qx0cp35fk2y2orfszrih1ad5jbmlac.jpg\",\"datePublished\":\"2025-02-12T14:21:56+00:00\",\"dateModified\":\"2025-10-01T09:49:33+00:00\",\"breadcrumb\":{\"@id\":\"https:\/\/volburg-group.com\/it\/settori-industriali\/#breadcrumb\"},\"inLanguage\":\"it-IT\",\"potentialAction\":[{\"@type\":\"ReadAction\",\"target\":[\"https:\/\/volburg-group.com\/it\/settori-industriali\/\"]}]},{\"@type\":\"ImageObject\",\"inLanguage\":\"it-IT\",\"@id\":\"https:\/\/volburg-group.com\/it\/settori-industriali\/#primaryimage\",\"url\":\"https:\/\/volburg-group.com\/wp-content\/uploads\/elementor\/thumbs\/Automation_500x457-r2zbfxy4m5t1qx0cp35fk2y2orfszrih1ad5jbmlac.jpg\",\"contentUrl\":\"https:\/\/volburg-group.com\/wp-content\/uploads\/elementor\/thumbs\/Automation_500x457-r2zbfxy4m5t1qx0cp35fk2y2orfszrih1ad5jbmlac.jpg\"},{\"@type\":\"BreadcrumbList\",\"@id\":\"https:\/\/volburg-group.com\/it\/settori-industriali\/#breadcrumb\",\"itemListElement\":[{\"@type\":\"ListItem\",\"position\":1,\"name\":\"Home\",\"item\":\"https:\/\/volburg-group.com\/it\/home\/\"},{\"@type\":\"ListItem\",\"position\":2,\"name\":\"Settori industriali\"}]},{\"@type\":\"WebSite\",\"@id\":\"https:\/\/volburg-group.com\/it\/#website\",\"url\":\"https:\/\/volburg-group.com\/it\/\",\"name\":\"Volburg group site\",\"description\":\"\",\"publisher\":{\"@id\":\"https:\/\/volburg-group.com\/it\/#organization\"},\"potentialAction\":[{\"@type\":\"SearchAction\",\"target\":{\"@type\":\"EntryPoint\",\"urlTemplate\":\"https:\/\/volburg-group.com\/it\/?s={search_term_string}\"},\"query-input\":{\"@type\":\"PropertyValueSpecification\",\"valueRequired\":true,\"valueName\":\"search_term_string\"}}],\"inLanguage\":\"it-IT\"},{\"@type\":\"Organization\",\"@id\":\"https:\/\/volburg-group.com\/it\/#organization\",\"name\":\"Volburg group\",\"url\":\"https:\/\/volburg-group.com\/it\/\",\"logo\":{\"@type\":\"ImageObject\",\"inLanguage\":\"it-IT\",\"@id\":\"https:\/\/volburg-group.com\/it\/#\/schema\/logo\/image\/\",\"url\":\"https:\/\/volburg-group.com\/wp-content\/uploads\/2025\/09\/volburg_group_new.png\",\"contentUrl\":\"https:\/\/volburg-group.com\/wp-content\/uploads\/2025\/09\/volburg_group_new.png\",\"width\":374,\"height\":100,\"caption\":\"Volburg group\"},\"image\":{\"@id\":\"https:\/\/volburg-group.com\/it\/#\/schema\/logo\/image\/\"}}]}<\/script>\n<!-- \/ Yoast SEO plugin. -->","yoast_head_json":{"title":"Settori industriali - Volburg group site","robots":{"index":"index","follow":"follow","max-snippet":"max-snippet:-1","max-image-preview":"max-image-preview:large","max-video-preview":"max-video-preview:-1"},"canonical":"https:\/\/volburg-group.com\/it\/settori-industriali\/","og_locale":"it_IT","og_type":"article","og_title":"Settori industriali - Volburg group site","og_description":"Secteurs d&#8217;activit\u00e9 Notre expertise couvre plusieurs industries, aidant les entreprises \u00e0 concr\u00e9tiser leurs innovations. \u00a0 Forniamo coordinamento della produzione nei seguenti campi:\u2013 Elettronica per OEM di attrezzature industriali;\u2013 Robotica;\u2013 Controllo, monitoraggio e reporting della smart manufacturing;\u2013 Sistemi di controllo del perimetro e degli edifici;\u2013 Attrezzature mediche e sistemi di monitoraggio;\u2013 Elettronica per inverter solari, accumulo [&hellip;]","og_url":"https:\/\/volburg-group.com\/it\/settori-industriali\/","og_site_name":"Volburg group site","article_modified_time":"2025-10-01T09:49:33+00:00","og_image":[{"url":"https:\/\/volburg-group.com\/wp-content\/uploads\/elementor\/thumbs\/Automation_500x457-r2zbfxy4m5t1qx0cp35fk2y2orfszrih1ad5jbmlac.jpg","type":"","width":"","height":""}],"twitter_card":"summary_large_image","twitter_misc":{"Tempo di lettura stimato":"1 minuto"},"schema":{"@context":"https:\/\/schema.org","@graph":[{"@type":"WebPage","@id":"https:\/\/volburg-group.com\/it\/settori-industriali\/","url":"https:\/\/volburg-group.com\/it\/settori-industriali\/","name":"Settori industriali - Volburg group site","isPartOf":{"@id":"https:\/\/volburg-group.com\/it\/#website"},"primaryImageOfPage":{"@id":"https:\/\/volburg-group.com\/it\/settori-industriali\/#primaryimage"},"image":{"@id":"https:\/\/volburg-group.com\/it\/settori-industriali\/#primaryimage"},"thumbnailUrl":"https:\/\/volburg-group.com\/wp-content\/uploads\/elementor\/thumbs\/Automation_500x457-r2zbfxy4m5t1qx0cp35fk2y2orfszrih1ad5jbmlac.jpg","datePublished":"2025-02-12T14:21:56+00:00","dateModified":"2025-10-01T09:49:33+00:00","breadcrumb":{"@id":"https:\/\/volburg-group.com\/it\/settori-industriali\/#breadcrumb"},"inLanguage":"it-IT","potentialAction":[{"@type":"ReadAction","target":["https:\/\/volburg-group.com\/it\/settori-industriali\/"]}]},{"@type":"ImageObject","inLanguage":"it-IT","@id":"https:\/\/volburg-group.com\/it\/settori-industriali\/#primaryimage","url":"https:\/\/volburg-group.com\/wp-content\/uploads\/elementor\/thumbs\/Automation_500x457-r2zbfxy4m5t1qx0cp35fk2y2orfszrih1ad5jbmlac.jpg","contentUrl":"https:\/\/volburg-group.com\/wp-content\/uploads\/elementor\/thumbs\/Automation_500x457-r2zbfxy4m5t1qx0cp35fk2y2orfszrih1ad5jbmlac.jpg"},{"@type":"BreadcrumbList","@id":"https:\/\/volburg-group.com\/it\/settori-industriali\/#breadcrumb","itemListElement":[{"@type":"ListItem","position":1,"name":"Home","item":"https:\/\/volburg-group.com\/it\/home\/"},{"@type":"ListItem","position":2,"name":"Settori industriali"}]},{"@type":"WebSite","@id":"https:\/\/volburg-group.com\/it\/#website","url":"https:\/\/volburg-group.com\/it\/","name":"Volburg group site","description":"","publisher":{"@id":"https:\/\/volburg-group.com\/it\/#organization"},"potentialAction":[{"@type":"SearchAction","target":{"@type":"EntryPoint","urlTemplate":"https:\/\/volburg-group.com\/it\/?s={search_term_string}"},"query-input":{"@type":"PropertyValueSpecification","valueRequired":true,"valueName":"search_term_string"}}],"inLanguage":"it-IT"},{"@type":"Organization","@id":"https:\/\/volburg-group.com\/it\/#organization","name":"Volburg group","url":"https:\/\/volburg-group.com\/it\/","logo":{"@type":"ImageObject","inLanguage":"it-IT","@id":"https:\/\/volburg-group.com\/it\/#\/schema\/logo\/image\/","url":"https:\/\/volburg-group.com\/wp-content\/uploads\/2025\/09\/volburg_group_new.png","contentUrl":"https:\/\/volburg-group.com\/wp-content\/uploads\/2025\/09\/volburg_group_new.png","width":374,"height":100,"caption":"Volburg group"},"image":{"@id":"https:\/\/volburg-group.com\/it\/#\/schema\/logo\/image\/"}}]}},"_links":{"self":[{"href":"https:\/\/volburg-group.com\/it\/wp-json\/wp\/v2\/pages\/1373","targetHints":{"allow":["GET"]}}],"collection":[{"href":"https:\/\/volburg-group.com\/it\/wp-json\/wp\/v2\/pages"}],"about":[{"href":"https:\/\/volburg-group.com\/it\/wp-json\/wp\/v2\/types\/page"}],"author":[{"embeddable":true,"href":"https:\/\/volburg-group.com\/it\/wp-json\/wp\/v2\/users\/2"}],"replies":[{"embeddable":true,"href":"https:\/\/volburg-group.com\/it\/wp-json\/wp\/v2\/comments?post=1373"}],"version-history":[{"count":10,"href":"https:\/\/volburg-group.com\/it\/wp-json\/wp\/v2\/pages\/1373\/revisions"}],"predecessor-version":[{"id":2402,"href":"https:\/\/volburg-group.com\/it\/wp-json\/wp\/v2\/pages\/1373\/revisions\/2402"}],"wp:attachment":[{"href":"https:\/\/volburg-group.com\/it\/wp-json\/wp\/v2\/media?parent=1373"}],"curies":[{"name":"wp","href":"https:\/\/api.w.org\/{rel}","templated":true}]}}